{"id":870,"date":"2026-02-11T08:22:07","date_gmt":"2026-02-11T08:22:07","guid":{"rendered":"https:\/\/mvmmgep.hu\/?page_id=870"},"modified":"2026-02-11T08:30:08","modified_gmt":"2026-02-11T08:30:08","slug":"energetikai-szakreferensi-jelenes","status":"publish","type":"page","link":"https:\/\/mvmmgep.hu\/?page_id=870","title":{"rendered":"Energetikai szakreferensi jelen\u00e9s"},"content":{"rendered":"\n<ul class=\"wp-block-list\"><\/ul>\n\n\n<h1 style=\"text-align: center;\"><strong>2025<\/strong><\/h1>\n\n\n<div class=\"wp-block-file aligncenter\"><a id=\"wp-block-file--media-dde56d0d-ed39-415a-b7bb-ee9cd2be07f8\" href=\"https:\/\/mvmmgep.hu\/wp-content\/uploads\/2026\/02\/2025.-eves-szakreferensi-jelentes-WEB-MVM-Matragep-Kft_-1.pdf\"><strong>2025. \u00e9ves szakreferensi jelent\u00e9s WEB MVM M\u00e1trag\u00e9p Kft<\/strong>_<\/a><a href=\"https:\/\/mvmmgep.hu\/wp-content\/uploads\/2026\/02\/2025.-eves-szakreferensi-jelentes-WEB-MVM-Matragep-Kft_-1.pdf\" class=\"wp-block-file__button wp-element-button\" download aria-describedby=\"wp-block-file--media-dde56d0d-ed39-415a-b7bb-ee9cd2be07f8\">Let\u00f6lt\u00e9s<\/a><\/div>\n\n\n\n<p><\/p>\n","protected":false},"excerpt":{"rendered":"<p>2025<\/p>\n","protected":false},"author":1,"featured_media":0,"parent":0,"menu_order":0,"comment_status":"closed","ping_status":"closed","template":"","meta":{"footnotes":""},"class_list":["post-870","page","type-page","status-publish","hentry"],"_links":{"self":[{"href":"https:\/\/mvmmgep.hu\/index.php?rest_route=\/wp\/v2\/pages\/870","targetHints":{"allow":["GET"]}}],"collection":[{"href":"https:\/\/mvmmgep.hu\/index.php?rest_route=\/wp\/v2\/pages"}],"about":[{"href":"https:\/\/mvmmgep.hu\/index.php?rest_route=\/wp\/v2\/types\/page"}],"author":[{"embeddable":true,"href":"https:\/\/mvmmgep.hu\/index.php?rest_route=\/wp\/v2\/users\/1"}],"replies":[{"embeddable":true,"href":"https:\/\/mvmmgep.hu\/index.php?rest_route=%2Fwp%2Fv2%2Fcomments&post=870"}],"version-history":[{"count":4,"href":"https:\/\/mvmmgep.hu\/index.php?rest_route=\/wp\/v2\/pages\/870\/revisions"}],"predecessor-version":[{"id":876,"href":"https:\/\/mvmmgep.hu\/index.php?rest_route=\/wp\/v2\/pages\/870\/revisions\/876"}],"wp:attachment":[{"href":"https:\/\/mvmmgep.hu\/index.php?rest_route=%2Fwp%2Fv2%2Fmedia&parent=870"}],"curies":[{"name":"wp","href":"https:\/\/api.w.org\/{rel}","templated":true}]}}