{"id":759,"date":"2025-04-23T09:46:16","date_gmt":"2025-04-23T09:46:16","guid":{"rendered":"https:\/\/mvmmgep.hu\/?page_id=759"},"modified":"2025-04-23T09:46:16","modified_gmt":"2025-04-23T09:46:16","slug":"mukodespolitika","status":"publish","type":"page","link":"https:\/\/mvmmgep.hu\/?page_id=759","title":{"rendered":"M\u0171k\u00f6d\u00e9spolitika"},"content":{"rendered":"\n<div data-wp-interactive=\"core\/file\" class=\"wp-block-file\"><object data-wp-bind--hidden=\"!state.hasPdfPreview\" hidden class=\"wp-block-file__embed\" data=\"https:\/\/mvmmgep.hu\/wp-content\/uploads\/2025\/04\/Mukodespolitikai-nyilatkozat_2024.11.11.pdf\" type=\"application\/pdf\" style=\"width:100%;height:600px\" aria-label=\"M\u0171k\u00f6d\u00e9spolitikai nyilatkozat_2024.11.11 be\u00e1gyaz\u00e1sa\"><\/object><a id=\"wp-block-file--media-91790dfc-af98-46cc-8c41-63014e4c0c65\" href=\"https:\/\/mvmmgep.hu\/wp-content\/uploads\/2025\/04\/Mukodespolitikai-nyilatkozat_2024.11.11.pdf\">M\u0171k\u00f6d\u00e9spolitikai nyilatkozat_2024.11.11<\/a><a href=\"https:\/\/mvmmgep.hu\/wp-content\/uploads\/2025\/04\/Mukodespolitikai-nyilatkozat_2024.11.11.pdf\" class=\"wp-block-file__button wp-element-button\" download aria-describedby=\"wp-block-file--media-91790dfc-af98-46cc-8c41-63014e4c0c65\">Let\u00f6lt\u00e9s<\/a><\/div>\n","protected":false},"excerpt":{"rendered":"","protected":false},"author":1,"featured_media":0,"parent":0,"menu_order":0,"comment_status":"closed","ping_status":"closed","template":"","meta":{"footnotes":""},"class_list":["post-759","page","type-page","status-publish","hentry"],"_links":{"self":[{"href":"https:\/\/mvmmgep.hu\/index.php?rest_route=\/wp\/v2\/pages\/759","targetHints":{"allow":["GET"]}}],"collection":[{"href":"https:\/\/mvmmgep.hu\/index.php?rest_route=\/wp\/v2\/pages"}],"about":[{"href":"https:\/\/mvmmgep.hu\/index.php?rest_route=\/wp\/v2\/types\/page"}],"author":[{"embeddable":true,"href":"https:\/\/mvmmgep.hu\/index.php?rest_route=\/wp\/v2\/users\/1"}],"replies":[{"embeddable":true,"href":"https:\/\/mvmmgep.hu\/index.php?rest_route=%2Fwp%2Fv2%2Fcomments&post=759"}],"version-history":[{"count":1,"href":"https:\/\/mvmmgep.hu\/index.php?rest_route=\/wp\/v2\/pages\/759\/revisions"}],"predecessor-version":[{"id":761,"href":"https:\/\/mvmmgep.hu\/index.php?rest_route=\/wp\/v2\/pages\/759\/revisions\/761"}],"wp:attachment":[{"href":"https:\/\/mvmmgep.hu\/index.php?rest_route=%2Fwp%2Fv2%2Fmedia&parent=759"}],"curies":[{"name":"wp","href":"https:\/\/api.w.org\/{rel}","templated":true}]}}