{"id":64,"date":"2022-07-09T10:03:17","date_gmt":"2022-07-09T10:03:17","guid":{"rendered":"https:\/\/mvmmgep.hu\/?page_id=64"},"modified":"2022-08-09T07:51:26","modified_gmt":"2022-08-09T07:51:26","slug":"gyarto-es-felujito-uzletag","status":"publish","type":"page","link":"https:\/\/mvmmgep.hu\/?page_id=64","title":{"rendered":"Gy\u00e1rt\u00f3 \u00e9s Fel\u00faj\u00edt\u00f3 \u00dczlet\u00e1g"},"content":{"rendered":"\n<p>Tev\u00e9kenys\u00e9gi k\u00f6re:<\/p>\n\n\n\n<ul class=\"wp-block-list\"><li>Nagy (6-35To) \u00e9s kis m\u00e9ret\u0171 alkatr\u00e9szek forg\u00e1csol\u00e1sa<\/li><li>K\u00fcls\u0151- \u00e9s bels\u0151, egyenes- \u00e9s ferde fogaz\u00e1s\u00fa fogaskerekek gy\u00e1rt\u00e1sa (1 &#8211; 30 modulig)<\/li><li>Lefejt\u0151mar\u00f3 \u00e9lez\u00e9se (1 &#8211; 24 modulig)<\/li><li>Ac\u00e9lszerkezetek gy\u00e1rt\u00e1sa, jav\u00edt\u00e1sa<\/li><li>Nagy \u00e9s kis m\u00e9ret\u0171 alkatr\u00e9szek h\u0151kezel\u00e9se, fesz\u00fclts\u00e9gmentes\u00edt\u00e9se, normaliz\u00e1l\u00e1sa, nemes\u00edt\u00e9se<\/li><li>Hajt\u00f3m\u0171vek, hajt\u00e1segys\u00e9gek jav\u00edt\u00e1sa, komplett\u00edroz\u00e1sa (10 \u2013 630 kW)<\/li><li>B\u00e1nyag\u00e9p alkatr\u00e9szek gy\u00e1rt\u00e1sa, fel\u00faj\u00edt\u00e1sa<\/li><\/ul>\n\n\n\n<p>M\u0171k\u00f6d\u00e9s\u00fckh\u00f6z rendelkez\u00e9sre \u00e1ll:<\/p>\n\n\n\n<p>El\u0151k\u00e9sz\u00edt\u0151 m\u0171hely k\u00fcl\u00f6nb\u00f6z\u0151 darabol\u00f3g\u00e9pekkel, ac\u00e9lszemcs\u00e9s rev\u00e9tlen\u00edt\u0151 berendez\u00e9ssel.<\/p>\n\n\n\n<p>Kett\u0151 2200 m<sup>2<\/sup> alapter\u00fclet\u0171 daruzott csarnok. Az egyikben a forg\u00e1csol\u00e1shoz sz\u00fcks\u00e9ges speci\u00e1lis szersz\u00e1mg\u00e9ppark, a m\u00e1sikban a h\u0151kezel\u0151 kemenc\u00e9k helyezkednek el, valamint a k\u00fcl\u00f6nb\u00f6z\u0151 a gy\u00e1rt\u00e1si \u00e9s jav\u00edt\u00e1si tev\u00e9kenys\u00e9ghez sz\u00fcks\u00e9ges berendez\u00e9sek.<\/p>\n\n\n\n<p>A m\u0171helycsarnok k\u00fcls\u0151 d\u00e9li oldal\u00e1n t\u00e1rol\u00f3- \u00e9s szerel\u0151t\u00e9r helyezkedik el, ahol a munkav\u00e9gz\u00e9st 20\/5 Mp teherb\u00edr\u00e1s\u00fa bakdaru seg\u00edti. 2015-ben tov\u00e1bbi fejleszt\u00e9s r\u00e9v\u00e9n elk\u00e9sz\u00fclt egy 480 m<sup>2 <\/sup>alapter\u00fclet\u0171 fest\u0151 \u00e9s ac\u00e9lszerkezeti m\u0171hely, 2016-17-ben pedig egy k\u00e9zi szemcsesz\u00f3r\u00f3 \u00e9s ac\u00e9lszerkezeti el\u0151k\u00e9sz\u00edt\u0151 m\u0171hely, valamint egy kis kov\u00e1csm\u0171hely.<\/p>\n\n\n\n<hr class=\"wp-block-separator has-alpha-channel-opacity\"\/>\n\n\n\n<div class=\"wp-block-buttons is-layout-flex wp-block-buttons-is-layout-flex\">\n<div class=\"wp-block-button aligncenter\"><a class=\"wp-block-button__link has-background\" href=\"\/?page_id=293\" style=\"border-radius:30px;background-color:#ed8b00\">Strat\u00e9giai g\u00e9peink<\/a><\/div>\n\n\n\n<div class=\"wp-block-button aligncenter\"><a class=\"wp-block-button__link has-background\" href=\"\/?page_id=298\" style=\"border-radius:30px;background-color:#ed8b00\">Referenci\u00e1k<\/a><\/div>\n<\/div>\n","protected":false},"excerpt":{"rendered":"<p>Tev\u00e9kenys\u00e9gi k\u00f6re: Nagy (6-35To) \u00e9s kis m\u00e9ret\u0171 alkatr\u00e9szek forg\u00e1csol\u00e1sa K\u00fcls\u0151- \u00e9s bels\u0151, egyenes- \u00e9s ferde fogaz\u00e1s\u00fa fogaskerekek gy\u00e1rt\u00e1sa (1 &#8211; 30 modulig) Lefejt\u0151mar\u00f3 \u00e9lez\u00e9se (1 &#8211; 24 modulig) Ac\u00e9lszerkezetek gy\u00e1rt\u00e1sa, jav\u00edt\u00e1sa Nagy \u00e9s kis m\u00e9ret\u0171 alkatr\u00e9szek h\u0151kezel\u00e9se, fesz\u00fclts\u00e9gmentes\u00edt\u00e9se, normaliz\u00e1l\u00e1sa, nemes\u00edt\u00e9se Hajt\u00f3m\u0171vek, hajt\u00e1segys\u00e9gek jav\u00edt\u00e1sa, komplett\u00edroz\u00e1sa (10 \u2013 630 kW) B\u00e1nyag\u00e9p alkatr\u00e9szek gy\u00e1rt\u00e1sa, fel\u00faj\u00edt\u00e1sa M\u0171k\u00f6d\u00e9s\u00fckh\u00f6z rendelkez\u00e9sre \u00e1ll: [&hellip;]<\/p>\n","protected":false},"author":1,"featured_media":0,"parent":0,"menu_order":0,"comment_status":"closed","ping_status":"closed","template":"","meta":{"footnotes":""},"class_list":["post-64","page","type-page","status-publish","hentry"],"_links":{"self":[{"href":"https:\/\/mvmmgep.hu\/index.php?rest_route=\/wp\/v2\/pages\/64","targetHints":{"allow":["GET"]}}],"collection":[{"href":"https:\/\/mvmmgep.hu\/index.php?rest_route=\/wp\/v2\/pages"}],"about":[{"href":"https:\/\/mvmmgep.hu\/index.php?rest_route=\/wp\/v2\/types\/page"}],"author":[{"embeddable":true,"href":"https:\/\/mvmmgep.hu\/index.php?rest_route=\/wp\/v2\/users\/1"}],"replies":[{"embeddable":true,"href":"https:\/\/mvmmgep.hu\/index.php?rest_route=%2Fwp%2Fv2%2Fcomments&post=64"}],"version-history":[{"count":8,"href":"https:\/\/mvmmgep.hu\/index.php?rest_route=\/wp\/v2\/pages\/64\/revisions"}],"predecessor-version":[{"id":544,"href":"https:\/\/mvmmgep.hu\/index.php?rest_route=\/wp\/v2\/pages\/64\/revisions\/544"}],"wp:attachment":[{"href":"https:\/\/mvmmgep.hu\/index.php?rest_route=%2Fwp%2Fv2%2Fmedia&parent=64"}],"curies":[{"name":"wp","href":"https:\/\/api.w.org\/{rel}","templated":true}]}}