{"id":520,"date":"2022-08-03T20:17:05","date_gmt":"2022-08-03T20:17:05","guid":{"rendered":"https:\/\/mvmmgep.hu\/?page_id=520"},"modified":"2026-02-16T06:47:38","modified_gmt":"2026-02-16T06:47:38","slug":"altalanos-szerzodesi-feltetelek","status":"publish","type":"page","link":"https:\/\/mvmmgep.hu\/?page_id=520","title":{"rendered":"\u00c1ltal\u00e1nos Szerz\u0151d\u00e9si Felt\u00e9telek"},"content":{"rendered":"\n<div data-wp-interactive=\"core\/file\" class=\"wp-block-file\"><object data-wp-bind--hidden=\"!state.hasPdfPreview\" hidden class=\"wp-block-file__embed\" data=\"https:\/\/mvmmgep.hu\/wp-content\/uploads\/2026\/02\/ASZF-2.pdf\" type=\"application\/pdf\" style=\"width:100%;height:600px\" aria-label=\"\u00c1SZF be\u00e1gyaz\u00e1sa\"><\/object><a id=\"wp-block-file--media-5dfba9e8-10a3-4099-8473-6cdae59791df\" href=\"https:\/\/mvmmgep.hu\/wp-content\/uploads\/2026\/02\/ASZF-2.pdf\">\u00c1SZF<\/a><a href=\"https:\/\/mvmmgep.hu\/wp-content\/uploads\/2026\/02\/ASZF-2.pdf\" class=\"wp-block-file__button wp-element-button\" download aria-describedby=\"wp-block-file--media-5dfba9e8-10a3-4099-8473-6cdae59791df\">Let\u00f6lt\u00e9s<\/a><\/div>\n","protected":false},"excerpt":{"rendered":"","protected":false},"author":1,"featured_media":0,"parent":0,"menu_order":0,"comment_status":"closed","ping_status":"closed","template":"","meta":{"footnotes":""},"class_list":["post-520","page","type-page","status-publish","hentry"],"_links":{"self":[{"href":"https:\/\/mvmmgep.hu\/index.php?rest_route=\/wp\/v2\/pages\/520","targetHints":{"allow":["GET"]}}],"collection":[{"href":"https:\/\/mvmmgep.hu\/index.php?rest_route=\/wp\/v2\/pages"}],"about":[{"href":"https:\/\/mvmmgep.hu\/index.php?rest_route=\/wp\/v2\/types\/page"}],"author":[{"embeddable":true,"href":"https:\/\/mvmmgep.hu\/index.php?rest_route=\/wp\/v2\/users\/1"}],"replies":[{"embeddable":true,"href":"https:\/\/mvmmgep.hu\/index.php?rest_route=%2Fwp%2Fv2%2Fcomments&post=520"}],"version-history":[{"count":9,"href":"https:\/\/mvmmgep.hu\/index.php?rest_route=\/wp\/v2\/pages\/520\/revisions"}],"predecessor-version":[{"id":890,"href":"https:\/\/mvmmgep.hu\/index.php?rest_route=\/wp\/v2\/pages\/520\/revisions\/890"}],"wp:attachment":[{"href":"https:\/\/mvmmgep.hu\/index.php?rest_route=%2Fwp%2Fv2%2Fmedia&parent=520"}],"curies":[{"name":"wp","href":"https:\/\/api.w.org\/{rel}","templated":true}]}}