{"id":487,"date":"2022-07-26T07:21:36","date_gmt":"2022-07-26T07:21:36","guid":{"rendered":"https:\/\/mvmmgep.hu\/?page_id=487"},"modified":"2026-05-05T07:12:02","modified_gmt":"2026-05-05T07:12:02","slug":"kozzetetellel-erintett-szerzodesek","status":"publish","type":"page","link":"https:\/\/mvmmgep.hu\/?page_id=487","title":{"rendered":"K\u00f6zz\u00e9t\u00e9tellel \u00e9rintett szerz\u0151d\u00e9sek"},"content":{"rendered":"\n<div class=\"wp-block-group is-nowrap is-layout-flex wp-container-core-group-is-layout-ad2f72ca wp-block-group-is-layout-flex\">\n<div class=\"wp-block-file\"><a id=\"wp-block-file--media-e59ddd23-4e5b-497a-8c24-2588f636f75d\" href=\"https:\/\/mvmmgep.hu\/wp-content\/uploads\/2026\/05\/Kozzeteteli-kotelezettseg-2026.03.01-2026.04.30_szerzodesek.pdf\">K\u00f6zz\u00e9t\u00e9teli k\u00f6telezetts\u00e9g-2026.03.01-2026.04.30_szerz\u0151d\u00e9sek<\/a><a href=\"https:\/\/mvmmgep.hu\/wp-content\/uploads\/2026\/05\/Kozzeteteli-kotelezettseg-2026.03.01-2026.04.30_szerzodesek.pdf\" class=\"wp-block-file__button wp-element-button\" download aria-describedby=\"wp-block-file--media-e59ddd23-4e5b-497a-8c24-2588f636f75d\">Let\u00f6lt\u00e9s<\/a><\/div>\n\n\n\n<pre class=\"wp-block-preformatted\"><strong>K\u00f6zz\u00e9t\u00e9tel d\u00e1tuma: 2026.05.05.<\/strong><\/pre>\n<\/div>\n\n\n\n<div class=\"wp-block-group\"><div class=\"wp-block-group__inner-container is-layout-constrained wp-block-group-is-layout-constrained\">\n<div class=\"wp-block-file\"><a id=\"wp-block-file--media-88788e6e-6e93-4210-975a-89e8c2a2dbeb\" href=\"https:\/\/mvmmgep.hu\/wp-content\/uploads\/2026\/03\/Kozzeteteli-kotelezettseg-2026.01.01-2026.02.28_szerzodesek-1.pdf\">K\u00f6zz\u00e9t\u00e9teli k\u00f6telezetts\u00e9g-2026.01.01-2026.02.28_szerz\u0151d\u00e9sek<\/a><a href=\"https:\/\/mvmmgep.hu\/wp-content\/uploads\/2026\/03\/Kozzeteteli-kotelezettseg-2026.01.01-2026.02.28_szerzodesek-1.pdf\" class=\"wp-block-file__button wp-element-button\" download aria-describedby=\"wp-block-file--media-88788e6e-6e93-4210-975a-89e8c2a2dbeb\">Let\u00f6lt\u00e9s<\/a><\/div>\n<\/div><\/div>\n\n\n\n<div class=\"wp-block-file\"><a id=\"wp-block-file--media-f67b816f-953a-4248-9b61-b21e7c38d689\" href=\"https:\/\/mvmmgep.hu\/wp-content\/uploads\/2026\/03\/Kozzeteteli-kotelezettseg-2025.11.01-2025.12.31_szerzodesek.pdf\">K\u00f6zz\u00e9t\u00e9teli k\u00f6telezetts\u00e9g-2025.11.01-2025.12.31_szerz\u0151d\u00e9sek<\/a><a href=\"https:\/\/mvmmgep.hu\/wp-content\/uploads\/2026\/03\/Kozzeteteli-kotelezettseg-2025.11.01-2025.12.31_szerzodesek.pdf\" class=\"wp-block-file__button wp-element-button\" download aria-describedby=\"wp-block-file--media-f67b816f-953a-4248-9b61-b21e7c38d689\">Let\u00f6lt\u00e9s<\/a><\/div>\n\n\n\n<div class=\"wp-block-file\"><a id=\"wp-block-file--media-ba1ab86f-7863-4b16-bcde-ba39d70d98d6\" href=\"https:\/\/mvmmgep.hu\/wp-content\/uploads\/2026\/02\/Kozzeteteli-kotelezettseg-2025.09.01-2025.10.31_szerzodesek-1.pdf\">K\u00f6zz\u00e9t\u00e9teli k\u00f6telezetts\u00e9g-2025.09.01-2025.10.31_szerz\u0151d\u00e9sek<\/a><a href=\"https:\/\/mvmmgep.hu\/wp-content\/uploads\/2026\/02\/Kozzeteteli-kotelezettseg-2025.09.01-2025.10.31_szerzodesek-1.pdf\" class=\"wp-block-file__button wp-element-button\" download aria-describedby=\"wp-block-file--media-ba1ab86f-7863-4b16-bcde-ba39d70d98d6\">Let\u00f6lt\u00e9s<\/a><\/div>\n\n\n\n<div class=\"wp-block-file\"><a id=\"wp-block-file--media-8175aac3-8e5f-4064-86c0-1d66266b59e9\" href=\"https:\/\/mvmmgep.hu\/wp-content\/uploads\/2026\/02\/Kozzeteteli-kotelezettseg-2025.07.01-2025.08.31_szerzodesek-1.pdf\">K\u00f6zz\u00e9t\u00e9teli k\u00f6telezetts\u00e9g-2025.07.01-2025.08.31_szerz\u0151d\u00e9sek<\/a><a href=\"https:\/\/mvmmgep.hu\/wp-content\/uploads\/2026\/02\/Kozzeteteli-kotelezettseg-2025.07.01-2025.08.31_szerzodesek-1.pdf\" class=\"wp-block-file__button wp-element-button\" download aria-describedby=\"wp-block-file--media-8175aac3-8e5f-4064-86c0-1d66266b59e9\">Let\u00f6lt\u00e9s<\/a><\/div>\n\n\n\n<div class=\"wp-block-file\"><a id=\"wp-block-file--media-4d1b40ec-b366-411f-bbff-083f4f2a98a3\" href=\"https:\/\/mvmmgep.hu\/wp-content\/uploads\/2026\/02\/Kozzeteteli-kotelezettseg-2025.05.01-2025.06.30_szerzodesek-1.pdf\">K\u00f6zz\u00e9t\u00e9teli k\u00f6telezetts\u00e9g-2025.05.01-2025.06.30_szerz\u0151d\u00e9sek<\/a><a href=\"https:\/\/mvmmgep.hu\/wp-content\/uploads\/2026\/02\/Kozzeteteli-kotelezettseg-2025.05.01-2025.06.30_szerzodesek-1.pdf\" class=\"wp-block-file__button wp-element-button\" download aria-describedby=\"wp-block-file--media-4d1b40ec-b366-411f-bbff-083f4f2a98a3\">Let\u00f6lt\u00e9s<\/a><\/div>\n\n\n\n<div class=\"wp-block-file\"><a id=\"wp-block-file--media-fa163d4f-4870-4da2-a992-812548bd84be\" href=\"https:\/\/mvmmgep.hu\/wp-content\/uploads\/2026\/02\/Kozzeteteli-kotelezettseg-2025.03.01-2025.04.30_szerzodesek-1.pdf\">K\u00f6zz\u00e9t\u00e9teli k\u00f6telezetts\u00e9g-2025.03.01-2025.04.30_szerz\u0151d\u00e9sek<\/a><a href=\"https:\/\/mvmmgep.hu\/wp-content\/uploads\/2026\/02\/Kozzeteteli-kotelezettseg-2025.03.01-2025.04.30_szerzodesek-1.pdf\" class=\"wp-block-file__button wp-element-button\" download aria-describedby=\"wp-block-file--media-fa163d4f-4870-4da2-a992-812548bd84be\">Let\u00f6lt\u00e9s<\/a><\/div>\n\n\n\n<div class=\"wp-block-file\"><a id=\"wp-block-file--media-b708c481-337b-48d3-84ee-48253281f840\" href=\"https:\/\/mvmmgep.hu\/wp-content\/uploads\/2026\/02\/Kozzeteteli-kotelezettseg-2025.01.01-2025.02.28_szerzodesek-1.pdf\">K\u00f6zz\u00e9t\u00e9teli k\u00f6telezetts\u00e9g-2025.01.01-2025.02.28_szerz\u0151d\u00e9sek<\/a><a href=\"https:\/\/mvmmgep.hu\/wp-content\/uploads\/2026\/02\/Kozzeteteli-kotelezettseg-2025.01.01-2025.02.28_szerzodesek-1.pdf\" class=\"wp-block-file__button wp-element-button\" download aria-describedby=\"wp-block-file--media-b708c481-337b-48d3-84ee-48253281f840\">Let\u00f6lt\u00e9s<\/a><\/div>\n\n\n\n<div class=\"wp-block-file\"><a id=\"wp-block-file--media-ca73ba35-a098-43d5-b474-534b7719ac36\" href=\"https:\/\/mvmmgep.hu\/wp-content\/uploads\/2026\/02\/Kozzeteteli-kotelezettseg-2024.11.01-2024.12.31_szerzodesek-1.pdf\">K\u00f6zz\u00e9t\u00e9teli k\u00f6telezetts\u00e9g-2024.11.01-2024.12.31_szerz\u0151d\u00e9sek<\/a><a href=\"https:\/\/mvmmgep.hu\/wp-content\/uploads\/2026\/02\/Kozzeteteli-kotelezettseg-2024.11.01-2024.12.31_szerzodesek-1.pdf\" class=\"wp-block-file__button wp-element-button\" download aria-describedby=\"wp-block-file--media-ca73ba35-a098-43d5-b474-534b7719ac36\">Let\u00f6lt\u00e9s<\/a><\/div>\n\n\n\n<div class=\"wp-block-file\"><a id=\"wp-block-file--media-edd7e4f6-f0de-4625-8ff3-1dd7f705500c\" href=\"https:\/\/mvmmgep.hu\/wp-content\/uploads\/2026\/02\/Kozzeteteli-kotelezettseg-2024.09.01-2024.10.31_szerzodesek-1.pdf\">K\u00f6zz\u00e9t\u00e9teli k\u00f6telezetts\u00e9g-2024.09.01-2024.10.31_szerz\u0151d\u00e9sek<\/a><a href=\"https:\/\/mvmmgep.hu\/wp-content\/uploads\/2026\/02\/Kozzeteteli-kotelezettseg-2024.09.01-2024.10.31_szerzodesek-1.pdf\" class=\"wp-block-file__button wp-element-button\" download aria-describedby=\"wp-block-file--media-edd7e4f6-f0de-4625-8ff3-1dd7f705500c\">Let\u00f6lt\u00e9s<\/a><\/div>\n\n\n\n<div class=\"wp-block-file\"><a id=\"wp-block-file--media-c29ba9b2-0487-4d98-a13f-39cfd5a9ede2\" href=\"https:\/\/mvmmgep.hu\/wp-content\/uploads\/2026\/02\/Kozzeteteli-kotelezettseg-2024.07.01-2024.08.31_szerzodesek-1.pdf\">K\u00f6zz\u00e9t\u00e9teli k\u00f6telezetts\u00e9g-2024.07.01-2024.08.31_szerz\u0151d\u00e9sek<\/a><a href=\"https:\/\/mvmmgep.hu\/wp-content\/uploads\/2026\/02\/Kozzeteteli-kotelezettseg-2024.07.01-2024.08.31_szerzodesek-1.pdf\" class=\"wp-block-file__button wp-element-button\" download aria-describedby=\"wp-block-file--media-c29ba9b2-0487-4d98-a13f-39cfd5a9ede2\">Let\u00f6lt\u00e9s<\/a><\/div>\n\n\n\n<div class=\"wp-block-file\"><a id=\"wp-block-file--media-4938b35d-7420-49cd-a23f-6352a949160d\" href=\"https:\/\/mvmmgep.hu\/wp-content\/uploads\/2026\/02\/Kozzeteteli-kotelezettseg-2024.05.01-2024.06.30_szerzodesek-1.pdf\">K\u00f6zz\u00e9t\u00e9teli k\u00f6telezetts\u00e9g-2024.05.01-2024.06.30_szerz\u0151d\u00e9sek<\/a><a href=\"https:\/\/mvmmgep.hu\/wp-content\/uploads\/2026\/02\/Kozzeteteli-kotelezettseg-2024.05.01-2024.06.30_szerzodesek-1.pdf\" class=\"wp-block-file__button wp-element-button\" download aria-describedby=\"wp-block-file--media-4938b35d-7420-49cd-a23f-6352a949160d\">Let\u00f6lt\u00e9s<\/a><\/div>\n\n\n\n<div class=\"wp-block-file\"><a id=\"wp-block-file--media-353ed9ca-c084-4a98-9145-d95d47b6d81f\" href=\"https:\/\/mvmmgep.hu\/wp-content\/uploads\/2026\/02\/Kozzeteteli-kotelezettseg-2024.03.01-2024.04.30_szerzodesek-1.pdf\">K\u00f6zz\u00e9t\u00e9teli k\u00f6telezetts\u00e9g-2024.03.01-2024.04.30_szerz\u0151d\u00e9sek<\/a><a href=\"https:\/\/mvmmgep.hu\/wp-content\/uploads\/2026\/02\/Kozzeteteli-kotelezettseg-2024.03.01-2024.04.30_szerzodesek-1.pdf\" class=\"wp-block-file__button wp-element-button\" download aria-describedby=\"wp-block-file--media-353ed9ca-c084-4a98-9145-d95d47b6d81f\">Let\u00f6lt\u00e9s<\/a><\/div>\n\n\n\n<p><\/p>\n","protected":false},"excerpt":{"rendered":"<p>K\u00f6zz\u00e9t\u00e9tel d\u00e1tuma: 2026.05.05.<\/p>\n","protected":false},"author":1,"featured_media":0,"parent":0,"menu_order":0,"comment_status":"closed","ping_status":"closed","template":"","meta":{"footnotes":""},"class_list":["post-487","page","type-page","status-publish","hentry"],"_links":{"self":[{"href":"https:\/\/mvmmgep.hu\/index.php?rest_route=\/wp\/v2\/pages\/487","targetHints":{"allow":["GET"]}}],"collection":[{"href":"https:\/\/mvmmgep.hu\/index.php?rest_route=\/wp\/v2\/pages"}],"about":[{"href":"https:\/\/mvmmgep.hu\/index.php?rest_route=\/wp\/v2\/types\/page"}],"author":[{"embeddable":true,"href":"https:\/\/mvmmgep.hu\/index.php?rest_route=\/wp\/v2\/users\/1"}],"replies":[{"embeddable":true,"href":"https:\/\/mvmmgep.hu\/index.php?rest_route=%2Fwp%2Fv2%2Fcomments&post=487"}],"version-history":[{"count":8,"href":"https:\/\/mvmmgep.hu\/index.php?rest_route=\/wp\/v2\/pages\/487\/revisions"}],"predecessor-version":[{"id":935,"href":"https:\/\/mvmmgep.hu\/index.php?rest_route=\/wp\/v2\/pages\/487\/revisions\/935"}],"wp:attachment":[{"href":"https:\/\/mvmmgep.hu\/index.php?rest_route=%2Fwp%2Fv2%2Fmedia&parent=487"}],"curies":[{"name":"wp","href":"https:\/\/api.w.org\/{rel}","templated":true}]}}