{"id":298,"date":"2022-07-12T13:05:18","date_gmt":"2022-07-12T13:05:18","guid":{"rendered":"https:\/\/mvmmgep.hu\/?page_id=298"},"modified":"2022-08-09T07:50:47","modified_gmt":"2022-08-09T07:50:47","slug":"referenciaink-gyarto-es-felujito-uzletag","status":"publish","type":"page","link":"https:\/\/mvmmgep.hu\/?page_id=298","title":{"rendered":"Referenci\u00e1ink &#8211; Gy\u00e1rt\u00f3 \u00e9s Fel\u00faj\u00edt\u00f3 \u00dczlet\u00e1g"},"content":{"rendered":"\n<figure class=\"wp-block-image\" id=\"block-c20144bc-6a30-4cae-be58-a133b4dbacc1\"><img decoding=\"async\" src=\"https:\/\/mvmmgep.hu\/wp-content\/uploads\/2022\/07\/kep-6-1024x503.png\" alt=\"A k\u00e9phez tartoz\u00f3 alt jellemz\u0151 \u00fcres; kep-6-1024x503.png a f\u00e1jln\u00e9v\"\/><\/figure>\n\n\n\n<hr class=\"wp-block-separator has-alpha-channel-opacity\" id=\"block-9e3a4569-4110-4695-9372-a365fd8b651d\"\/>\n\n\n\n<figure class=\"wp-block-image\" id=\"block-c28cf501-e4c3-43de-adee-4e5c0b1b1f7b\"><img decoding=\"async\" src=\"https:\/\/mvmmgep.hu\/wp-content\/uploads\/2022\/07\/kep-7-1024x521.png\" alt=\"A k\u00e9phez tartoz\u00f3 alt jellemz\u0151 \u00fcres; kep-7-1024x521.png a f\u00e1jln\u00e9v\"\/><\/figure>\n\n\n\n<hr class=\"wp-block-separator has-alpha-channel-opacity\" id=\"block-96da3a88-4960-4ae1-b405-fab2d17b8be5\"\/>\n\n\n\n<figure class=\"wp-block-image\" id=\"block-75ca9cb4-a00d-4ba0-816e-6923b80326eb\"><img decoding=\"async\" src=\"https:\/\/mvmmgep.hu\/wp-content\/uploads\/2022\/07\/kep-2-1024x496.png\" alt=\"A k\u00e9phez tartoz\u00f3 alt jellemz\u0151 \u00fcres; kep-2-1024x496.png a f\u00e1jln\u00e9v\"\/><\/figure>\n\n\n\n<hr class=\"wp-block-separator has-alpha-channel-opacity\" id=\"block-78ae6f7e-c31f-4851-ad13-8a11de5f5777\"\/>\n\n\n\n<figure class=\"wp-block-image\" id=\"block-f16cc5f7-2e0c-4bee-b94e-63be6d845e3d\"><img decoding=\"async\" src=\"https:\/\/mvmmgep.hu\/wp-content\/uploads\/2022\/07\/kep-1.png\" alt=\"A k\u00e9phez tartoz\u00f3 alt jellemz\u0151 \u00fcres; kep-1.png a f\u00e1jln\u00e9v\"\/><\/figure>\n\n\n\n<hr class=\"wp-block-separator has-alpha-channel-opacity\" id=\"block-e0d8e666-4a10-433e-8116-de8e79cd94f5\"\/>\n\n\n\n<figure class=\"wp-block-image\" id=\"block-f4c30ec0-a813-45c3-965b-ba36b8ce73d1\"><img decoding=\"async\" src=\"https:\/\/mvmmgep.hu\/wp-content\/uploads\/2022\/07\/kep-3-1024x539.png\" alt=\"A k\u00e9phez tartoz\u00f3 alt jellemz\u0151 \u00fcres; kep-3-1024x539.png a f\u00e1jln\u00e9v\"\/><\/figure>\n\n\n\n<hr class=\"wp-block-separator has-alpha-channel-opacity\" id=\"block-829d872c-45f0-45fe-a802-0935723b5aa0\"\/>\n\n\n\n<figure class=\"wp-block-image\" id=\"block-805f7238-32d9-42da-a0d8-76321b8d2475\"><img decoding=\"async\" src=\"https:\/\/mvmmgep.hu\/wp-content\/uploads\/2022\/07\/kep-4-1024x527.png\" alt=\"A k\u00e9phez tartoz\u00f3 alt jellemz\u0151 \u00fcres; kep-4-1024x527.png a f\u00e1jln\u00e9v\"\/><\/figure>\n\n\n\n<hr class=\"wp-block-separator has-alpha-channel-opacity\" id=\"block-a92056e4-2d13-4af1-8380-5db6f0ff0908\"\/>\n\n\n\n<figure class=\"wp-block-image\" id=\"block-452382ec-b349-4f8e-8df2-3a468bfc2eb3\"><img decoding=\"async\" src=\"https:\/\/mvmmgep.hu\/wp-content\/uploads\/2022\/07\/kep-5-1024x569.png\" alt=\"A k\u00e9phez tartoz\u00f3 alt jellemz\u0151 \u00fcres; kep-5-1024x569.png a f\u00e1jln\u00e9v\"\/><\/figure>\n\n\n\n<hr class=\"wp-block-separator has-alpha-channel-opacity\" id=\"block-8c6a1f97-c3ef-499f-b1c7-8cf855de97b7\"\/>\n\n\n\n<div class=\"wp-block-cover is-light has-custom-content-position is-position-bottom-center\" id=\"block-7e643c62-90ce-43c9-a067-10eb34303eac\"><span aria-hidden=\"true\" class=\"wp-block-cover__background has-background-dim-0 has-background-dim\"><\/span><img decoding=\"async\" class=\"wp-block-cover__image-background\" alt=\"A k\u00e9phez tartoz\u00f3 alt jellemz\u0151 \u00fcres; Kotrogep-gem-szallitas-1-1024x577.jpg a f\u00e1jln\u00e9v\" src=\"https:\/\/mvmmgep.hu\/wp-content\/uploads\/2022\/07\/Kotrogep-gem-szallitas-1-1024x577.jpg\" data-object-fit=\"cover\"\/><div class=\"wp-block-cover__inner-container is-layout-flow wp-block-cover-is-layout-flow\">\n<p class=\"has-text-align-center has-large-font-size\"><strong><mark style=\"background-color:#ffffff;color:#ed8b00\" class=\"has-inline-color\">MT-4 kotr\u00f3g\u00e9p, mar\u00f3t\u00e1rcsag\u00e9m sz\u00e1ll\u00edt\u00e1s<\/mark><\/strong><\/p>\n<\/div><\/div>\n\n\n\n<div class=\"wp-block-cover is-light has-custom-content-position is-position-bottom-center\" id=\"block-8f45583a-2439-46fe-a51f-166eaa73aa6f\"><span aria-hidden=\"true\" class=\"wp-block-cover__background has-background-dim-0 has-background-dim\"><\/span><img decoding=\"async\" class=\"wp-block-cover__image-background\" alt=\"A k\u00e9phez tartoz\u00f3 alt jellemz\u0151 \u00fcres; Kotrogep-gemszallitas-2-1024x617.jpg a f\u00e1jln\u00e9v\" src=\"https:\/\/mvmmgep.hu\/wp-content\/uploads\/2022\/07\/Kotrogep-gemszallitas-2-1024x617.jpg\" data-object-fit=\"cover\"\/><div class=\"wp-block-cover__inner-container is-layout-flow wp-block-cover-is-layout-flow\">\n<p class=\"has-text-align-center has-large-font-size\"><strong><mark style=\"background-color:#ffffff;color:#ed8b00\" class=\"has-inline-color\">MT-4 kotr\u00f3g\u00e9p, mar\u00f3t\u00e1rcsag\u00e9m sz\u00e1ll\u00edt\u00e1s<\/mark><\/strong><\/p>\n<\/div><\/div>\n\n\n\n<hr class=\"wp-block-separator has-alpha-channel-opacity\"\/>\n\n\n\n<div class=\"wp-block-buttons is-layout-flex wp-block-buttons-is-layout-flex\">\n<div class=\"wp-block-button aligncenter\"><a class=\"wp-block-button__link has-background\" style=\"border-radius:30px;background-color:#ed8b00\">Strat\u00e9giai g\u00e9peink<\/a><\/div>\n\n\n\n<div class=\"wp-block-button aligncenter\"><a class=\"wp-block-button__link has-background\" style=\"border-radius:30px;background-color:#ed8b00\">Gy\u00e1rt\u00f3 \u00e9s Fel\u00faj\u00edt\u00f3 \u00fczlet\u00e1g<\/a><\/div>\n<\/div>\n","protected":false},"excerpt":{"rendered":"","protected":false},"author":1,"featured_media":0,"parent":64,"menu_order":0,"comment_status":"closed","ping_status":"closed","template":"","meta":{"footnotes":""},"class_list":["post-298","page","type-page","status-publish","hentry"],"_links":{"self":[{"href":"https:\/\/mvmmgep.hu\/index.php?rest_route=\/wp\/v2\/pages\/298","targetHints":{"allow":["GET"]}}],"collection":[{"href":"https:\/\/mvmmgep.hu\/index.php?rest_route=\/wp\/v2\/pages"}],"about":[{"href":"https:\/\/mvmmgep.hu\/index.php?rest_route=\/wp\/v2\/types\/page"}],"author":[{"embeddable":true,"href":"https:\/\/mvmmgep.hu\/index.php?rest_route=\/wp\/v2\/users\/1"}],"replies":[{"embeddable":true,"href":"https:\/\/mvmmgep.hu\/index.php?rest_route=%2Fwp%2Fv2%2Fcomments&post=298"}],"version-history":[{"count":8,"href":"https:\/\/mvmmgep.hu\/index.php?rest_route=\/wp\/v2\/pages\/298\/revisions"}],"predecessor-version":[{"id":543,"href":"https:\/\/mvmmgep.hu\/index.php?rest_route=\/wp\/v2\/pages\/298\/revisions\/543"}],"up":[{"embeddable":true,"href":"https:\/\/mvmmgep.hu\/index.php?rest_route=\/wp\/v2\/pages\/64"}],"wp:attachment":[{"href":"https:\/\/mvmmgep.hu\/index.php?rest_route=%2Fwp%2Fv2%2Fmedia&parent=298"}],"curies":[{"name":"wp","href":"https:\/\/api.w.org\/{rel}","templated":true}]}}