{"id":255,"date":"2022-07-12T12:07:18","date_gmt":"2022-07-12T12:07:18","guid":{"rendered":"https:\/\/mvmmgep.hu\/?page_id=255"},"modified":"2022-08-09T07:56:48","modified_gmt":"2022-08-09T07:56:48","slug":"strategiai-gepeink-villamos-javito-uzletag","status":"publish","type":"page","link":"https:\/\/mvmmgep.hu\/?page_id=255","title":{"rendered":"Strat\u00e9giai g\u00e9peink &#8211; Villamos jav\u00edt\u00f3 \u00fczlet\u00e1g"},"content":{"rendered":"\n<h3 class=\"wp-block-heading\">Kiegyens\u00falyoz\u00f3 pad<\/h3>\n\n\n\n<ul class=\"wp-block-list\"><li>Kiegyens\u00falyozhat\u00f3 t\u00f6meg 1500 kg<\/li><li>Legnagyobb \u00e1tm\u00e9r\u0151 2000 mm<\/li><li>Legnagyobb hossz\u00fas\u00e1g 2250 mm<\/li><\/ul>\n\n\n\n<figure class=\"wp-block-gallery has-nested-images columns-default is-cropped wp-block-gallery-1 is-layout-flex wp-block-gallery-is-layout-flex\">\n<figure class=\"wp-block-image size-full\"><img loading=\"lazy\" decoding=\"async\" width=\"614\" height=\"460\" data-id=\"93\" src=\"https:\/\/mvmmgep.hu\/wp-content\/uploads\/2022\/07\/image-030.jpg\" alt=\"\" class=\"wp-image-93\" srcset=\"https:\/\/mvmmgep.hu\/wp-content\/uploads\/2022\/07\/image-030.jpg 614w, https:\/\/mvmmgep.hu\/wp-content\/uploads\/2022\/07\/image-030-300x225.jpg 300w\" sizes=\"auto, (max-width: 614px) 100vw, 614px\" \/><\/figure>\n\n\n\n<figure class=\"wp-block-image size-full\"><img loading=\"lazy\" decoding=\"async\" width=\"614\" height=\"460\" data-id=\"94\" src=\"https:\/\/mvmmgep.hu\/wp-content\/uploads\/2022\/07\/image-031.jpg\" alt=\"\" class=\"wp-image-94\" srcset=\"https:\/\/mvmmgep.hu\/wp-content\/uploads\/2022\/07\/image-031.jpg 614w, https:\/\/mvmmgep.hu\/wp-content\/uploads\/2022\/07\/image-031-300x225.jpg 300w\" sizes=\"auto, (max-width: 614px) 100vw, 614px\" \/><\/figure>\n<\/figure>\n\n\n\n<hr class=\"wp-block-separator has-alpha-channel-opacity\"\/>\n\n\n\n<h3 class=\"wp-block-heading\">Autokl\u00e1v I.<\/h3>\n\n\n\n<ul class=\"wp-block-list\"><li>Hasznos munkat\u00e9r \u00e1tm\u00e9r\u0151 1370 mm<\/li><li>M\u00e9lys\u00e9g 1800 mm<\/li><li>\u201eH\u201d h\u0151\u00e1ll\u00f3s\u00e1gi fokozat<\/li><li>NH 91 MV\/u t\u00edpus\u00fa impregn\u00e1l\u00f3 gyanta<\/li><li>Z\u00e1rt rendszer\u0171<\/li><\/ul>\n\n\n\n<figure class=\"wp-block-gallery has-nested-images columns-default is-cropped wp-block-gallery-2 is-layout-flex wp-block-gallery-is-layout-flex\">\n<figure class=\"wp-block-image size-full\"><img loading=\"lazy\" decoding=\"async\" width=\"614\" height=\"460\" data-id=\"95\" src=\"https:\/\/mvmmgep.hu\/wp-content\/uploads\/2022\/07\/image-032.jpg\" alt=\"\" class=\"wp-image-95\" srcset=\"https:\/\/mvmmgep.hu\/wp-content\/uploads\/2022\/07\/image-032.jpg 614w, https:\/\/mvmmgep.hu\/wp-content\/uploads\/2022\/07\/image-032-300x225.jpg 300w\" sizes=\"auto, (max-width: 614px) 100vw, 614px\" \/><\/figure>\n\n\n\n<figure class=\"wp-block-image size-full\"><img loading=\"lazy\" decoding=\"async\" width=\"614\" height=\"460\" data-id=\"96\" src=\"https:\/\/mvmmgep.hu\/wp-content\/uploads\/2022\/07\/image-033.jpg\" alt=\"\" class=\"wp-image-96\" srcset=\"https:\/\/mvmmgep.hu\/wp-content\/uploads\/2022\/07\/image-033.jpg 614w, https:\/\/mvmmgep.hu\/wp-content\/uploads\/2022\/07\/image-033-300x225.jpg 300w\" sizes=\"auto, (max-width: 614px) 100vw, 614px\" \/><\/figure>\n<\/figure>\n\n\n\n<h3 class=\"wp-block-heading\">Autokl\u00e1v II.<\/h3>\n\n\n\n<ul class=\"wp-block-list\"><li>Hasznos munkat\u00e9r \u00e1tm\u00e9r\u0151 2450 mm<\/li><li>M\u00e9lys\u00e9g 2260 mm<\/li><li>\u201eH\u201d h\u0151\u00e1ll\u00f3s\u00e1gi fokozat<\/li><li>NH 91 MV\/u t\u00edpus\u00fa impregn\u00e1l\u00f3 gyanta<\/li><li>Z\u00e1rt rendszer\u0171<\/li><\/ul>\n\n\n\n<figure class=\"wp-block-gallery has-nested-images columns-default is-cropped wp-block-gallery-3 is-layout-flex wp-block-gallery-is-layout-flex\">\n<figure class=\"wp-block-image size-full\"><img loading=\"lazy\" decoding=\"async\" width=\"614\" height=\"460\" data-id=\"97\" src=\"https:\/\/mvmmgep.hu\/wp-content\/uploads\/2022\/07\/image-034.jpg\" alt=\"\" class=\"wp-image-97\" srcset=\"https:\/\/mvmmgep.hu\/wp-content\/uploads\/2022\/07\/image-034.jpg 614w, https:\/\/mvmmgep.hu\/wp-content\/uploads\/2022\/07\/image-034-300x225.jpg 300w\" sizes=\"auto, (max-width: 614px) 100vw, 614px\" \/><\/figure>\n\n\n\n<figure class=\"wp-block-image size-full\"><img loading=\"lazy\" decoding=\"async\" width=\"614\" height=\"460\" data-id=\"98\" src=\"https:\/\/mvmmgep.hu\/wp-content\/uploads\/2022\/07\/image-035.jpg\" alt=\"\" class=\"wp-image-98\" srcset=\"https:\/\/mvmmgep.hu\/wp-content\/uploads\/2022\/07\/image-035.jpg 614w, https:\/\/mvmmgep.hu\/wp-content\/uploads\/2022\/07\/image-035-300x225.jpg 300w\" sizes=\"auto, (max-width: 614px) 100vw, 614px\" \/><\/figure>\n<\/figure>\n\n\n\n<hr class=\"wp-block-separator has-alpha-channel-opacity\"\/>\n\n\n\n<div class=\"wp-block-buttons is-layout-flex wp-block-buttons-is-layout-flex\">\n<div class=\"wp-block-button aligncenter is-style-fill\"><a class=\"wp-block-button__link has-background\" href=\"\/?page_id=257\" style=\"border-radius:30px;background-color:#ed8b00\">Referenci\u00e1k<\/a><\/div>\n\n\n\n<div class=\"wp-block-button aligncenter is-style-fill\"><a class=\"wp-block-button__link has-background\" href=\"\/?page_id=144\" style=\"border-radius:30px;background-color:#ed8b00\">Villamos jav\u00edt\u00f3 \u00fczlet\u00e1g<\/a><\/div>\n<\/div>\n","protected":false},"excerpt":{"rendered":"<p>Kiegyens\u00falyoz\u00f3 pad Kiegyens\u00falyozhat\u00f3 t\u00f6meg 1500 kg Legnagyobb \u00e1tm\u00e9r\u0151 2000 mm Legnagyobb hossz\u00fas\u00e1g 2250 mm Autokl\u00e1v I. Hasznos munkat\u00e9r \u00e1tm\u00e9r\u0151 1370 mm M\u00e9lys\u00e9g 1800 mm \u201eH\u201d h\u0151\u00e1ll\u00f3s\u00e1gi fokozat NH 91 MV\/u t\u00edpus\u00fa impregn\u00e1l\u00f3 gyanta Z\u00e1rt rendszer\u0171 Autokl\u00e1v II. Hasznos munkat\u00e9r \u00e1tm\u00e9r\u0151 2450 mm M\u00e9lys\u00e9g 2260 mm \u201eH\u201d h\u0151\u00e1ll\u00f3s\u00e1gi fokozat NH 91 MV\/u t\u00edpus\u00fa impregn\u00e1l\u00f3 gyanta Z\u00e1rt [&hellip;]<\/p>\n","protected":false},"author":1,"featured_media":0,"parent":144,"menu_order":0,"comment_status":"closed","ping_status":"closed","template":"","meta":{"footnotes":""},"class_list":["post-255","page","type-page","status-publish","hentry"],"_links":{"self":[{"href":"https:\/\/mvmmgep.hu\/index.php?rest_route=\/wp\/v2\/pages\/255","targetHints":{"allow":["GET"]}}],"collection":[{"href":"https:\/\/mvmmgep.hu\/index.php?rest_route=\/wp\/v2\/pages"}],"about":[{"href":"https:\/\/mvmmgep.hu\/index.php?rest_route=\/wp\/v2\/types\/page"}],"author":[{"embeddable":true,"href":"https:\/\/mvmmgep.hu\/index.php?rest_route=\/wp\/v2\/users\/1"}],"replies":[{"embeddable":true,"href":"https:\/\/mvmmgep.hu\/index.php?rest_route=%2Fwp%2Fv2%2Fcomments&post=255"}],"version-history":[{"count":11,"href":"https:\/\/mvmmgep.hu\/index.php?rest_route=\/wp\/v2\/pages\/255\/revisions"}],"predecessor-version":[{"id":548,"href":"https:\/\/mvmmgep.hu\/index.php?rest_route=\/wp\/v2\/pages\/255\/revisions\/548"}],"up":[{"embeddable":true,"href":"https:\/\/mvmmgep.hu\/index.php?rest_route=\/wp\/v2\/pages\/144"}],"wp:attachment":[{"href":"https:\/\/mvmmgep.hu\/index.php?rest_route=%2Fwp%2Fv2%2Fmedia&parent=255"}],"curies":[{"name":"wp","href":"https:\/\/api.w.org\/{rel}","templated":true}]}}