{"id":222,"date":"2022-07-11T09:27:24","date_gmt":"2022-07-11T09:27:24","guid":{"rendered":"https:\/\/mvmmgep.hu\/?page_id=222"},"modified":"2025-11-13T11:12:46","modified_gmt":"2025-11-13T11:12:46","slug":"ervenyes-oklevelek","status":"publish","type":"page","link":"https:\/\/mvmmgep.hu\/?page_id=222","title":{"rendered":"\u00c9rv\u00e9nyes tan\u00fas\u00edtv\u00e1nyaink"},"content":{"rendered":"\n<div data-wp-interactive=\"core\/file\" class=\"wp-block-file\"><object data-wp-bind--hidden=\"!state.hasPdfPreview\" hidden class=\"wp-block-file__embed\" data=\"https:\/\/mvmmgep.hu\/wp-content\/uploads\/2024\/06\/ISO-9001_2015__NQA_hu_211520_2024.06.13.-2027.06.13-2.pdf\" type=\"application\/pdf\" style=\"width:100%;height:600px\" aria-label=\"ISO-9001_2015__NQA_hu_211520_2024.06.13.-2027.06.13-2 be\u00e1gyaz\u00e1sa\"><\/object><a id=\"wp-block-file--media-ed4dfae1-f7f1-4593-8018-637c1b94c0f6\" href=\"https:\/\/mvmmgep.hu\/wp-content\/uploads\/2024\/06\/ISO-9001_2015__NQA_hu_211520_2024.06.13.-2027.06.13-2.pdf\">ISO-9001_2015__NQA_hu_211520_2024.06.13.-2027.06.13-2<\/a><a href=\"https:\/\/mvmmgep.hu\/wp-content\/uploads\/2024\/06\/ISO-9001_2015__NQA_hu_211520_2024.06.13.-2027.06.13-2.pdf\" class=\"wp-block-file__button wp-element-button\" download aria-describedby=\"wp-block-file--media-ed4dfae1-f7f1-4593-8018-637c1b94c0f6\">Let\u00f6lt\u00e9s<\/a><\/div>\n\n\n\n<div data-wp-interactive=\"core\/file\" class=\"wp-block-file\"><object data-wp-bind--hidden=\"!state.hasPdfPreview\" hidden class=\"wp-block-file__embed\" data=\"https:\/\/mvmmgep.hu\/wp-content\/uploads\/2024\/06\/ISO-9001_2015__EMT_hu_100-5037_2024.06.13.-2027.06.13.pdf\" type=\"application\/pdf\" style=\"width:100%;height:600px\" aria-label=\"ISO-9001_2015__EMT_hu_100-5037_2024.06.13.-2027.06.13 be\u00e1gyaz\u00e1sa\"><\/object><a id=\"wp-block-file--media-0c7c372b-8374-4aa1-8cd3-0ee05ee8a775\" href=\"https:\/\/mvmmgep.hu\/wp-content\/uploads\/2024\/06\/ISO-9001_2015__EMT_hu_100-5037_2024.06.13.-2027.06.13.pdf\">ISO-9001_2015__EMT_hu_100-5037_2024.06.13.-2027.06.13<\/a><a href=\"https:\/\/mvmmgep.hu\/wp-content\/uploads\/2024\/06\/ISO-9001_2015__EMT_hu_100-5037_2024.06.13.-2027.06.13.pdf\" class=\"wp-block-file__button wp-element-button\" download aria-describedby=\"wp-block-file--media-0c7c372b-8374-4aa1-8cd3-0ee05ee8a775\">Let\u00f6lt\u00e9s<\/a><\/div>\n\n\n\n<div data-wp-interactive=\"core\/file\" class=\"wp-block-file\"><object data-wp-bind--hidden=\"!state.hasPdfPreview\" hidden class=\"wp-block-file__embed\" data=\"https:\/\/mvmmgep.hu\/wp-content\/uploads\/2024\/06\/ISO-14001_2015__NQA_hu_194512_2024.06.13.-2027.06.13-2.pdf\" type=\"application\/pdf\" style=\"width:100%;height:600px\" aria-label=\"ISO-14001_2015__NQA_hu_194512_2024.06.13.-2027.06.13-2 be\u00e1gyaz\u00e1sa\"><\/object><a id=\"wp-block-file--media-179ad470-afee-4633-9007-d2dda2d5361c\" href=\"https:\/\/mvmmgep.hu\/wp-content\/uploads\/2024\/06\/ISO-14001_2015__NQA_hu_194512_2024.06.13.-2027.06.13-2.pdf\">ISO-14001_2015__NQA_hu_194512_2024.06.13.-2027.06.13-2<\/a><a href=\"https:\/\/mvmmgep.hu\/wp-content\/uploads\/2024\/06\/ISO-14001_2015__NQA_hu_194512_2024.06.13.-2027.06.13-2.pdf\" class=\"wp-block-file__button wp-element-button\" download aria-describedby=\"wp-block-file--media-179ad470-afee-4633-9007-d2dda2d5361c\">Let\u00f6lt\u00e9s<\/a><\/div>\n\n\n\n<div data-wp-interactive=\"core\/file\" class=\"wp-block-file\"><object data-wp-bind--hidden=\"!state.hasPdfPreview\" hidden class=\"wp-block-file__embed\" data=\"https:\/\/mvmmgep.hu\/wp-content\/uploads\/2024\/06\/ISO-14001_2015_EMT_hu_200-5037_2024.06.13.-2027.06.13.pdf\" type=\"application\/pdf\" style=\"width:100%;height:600px\" aria-label=\"ISO-14001_2015_EMT_hu_200-5037_2024.06.13.-2027.06.13 be\u00e1gyaz\u00e1sa\"><\/object><a id=\"wp-block-file--media-915b0a69-15e9-4670-a2aa-11cdedf007c9\" href=\"https:\/\/mvmmgep.hu\/wp-content\/uploads\/2024\/06\/ISO-14001_2015_EMT_hu_200-5037_2024.06.13.-2027.06.13.pdf\">ISO-14001_2015_EMT_hu_200-5037_2024.06.13.-2027.06.13<\/a><a href=\"https:\/\/mvmmgep.hu\/wp-content\/uploads\/2024\/06\/ISO-14001_2015_EMT_hu_200-5037_2024.06.13.-2027.06.13.pdf\" class=\"wp-block-file__button wp-element-button\" download aria-describedby=\"wp-block-file--media-915b0a69-15e9-4670-a2aa-11cdedf007c9\">Let\u00f6lt\u00e9s<\/a><\/div>\n\n\n\n<div data-wp-interactive=\"core\/file\" class=\"wp-block-file\"><object data-wp-bind--hidden=\"!state.hasPdfPreview\" hidden class=\"wp-block-file__embed\" data=\"https:\/\/mvmmgep.hu\/wp-content\/uploads\/2025\/03\/ISO-50001_2019__NQA_hu_215066_2025.02.25.-2028.02.25-1.pdf\" type=\"application\/pdf\" style=\"width:100%;height:600px\" aria-label=\"ISO 50001_2019__NQA_hu_215066_2025.02.25.-2028.02.25 be\u00e1gyaz\u00e1sa\"><\/object><a id=\"wp-block-file--media-f861a2b6-cfea-412b-b647-84033a2e3c66\" href=\"https:\/\/mvmmgep.hu\/wp-content\/uploads\/2025\/03\/ISO-50001_2019__NQA_hu_215066_2025.02.25.-2028.02.25-1.pdf\">ISO 50001_2019__NQA_hu_215066_2025.02.25.-2028.02.25<\/a><a href=\"https:\/\/mvmmgep.hu\/wp-content\/uploads\/2025\/03\/ISO-50001_2019__NQA_hu_215066_2025.02.25.-2028.02.25-1.pdf\" class=\"wp-block-file__button wp-element-button\" download aria-describedby=\"wp-block-file--media-f861a2b6-cfea-412b-b647-84033a2e3c66\">Let\u00f6lt\u00e9s<\/a><\/div>\n\n\n\n<div data-wp-interactive=\"core\/file\" class=\"wp-block-file\"><object data-wp-bind--hidden=\"!state.hasPdfPreview\" hidden class=\"wp-block-file__embed\" data=\"https:\/\/mvmmgep.hu\/wp-content\/uploads\/2025\/03\/ISO-50001_2019__EMT_hu_1000-5037_2025.02.25.-2028.02.25-1.pdf\" type=\"application\/pdf\" style=\"width:100%;height:600px\" aria-label=\"ISO 50001_2019__EMT_hu_1000-5037_2025.02.25.-2028.02.25 be\u00e1gyaz\u00e1sa\"><\/object><a id=\"wp-block-file--media-1c8c8524-6035-4dc5-ae92-483d04dc7eac\" href=\"https:\/\/mvmmgep.hu\/wp-content\/uploads\/2025\/03\/ISO-50001_2019__EMT_hu_1000-5037_2025.02.25.-2028.02.25-1.pdf\">ISO 50001_2019__EMT_hu_1000-5037_2025.02.25.-2028.02.25<\/a><a href=\"https:\/\/mvmmgep.hu\/wp-content\/uploads\/2025\/03\/ISO-50001_2019__EMT_hu_1000-5037_2025.02.25.-2028.02.25-1.pdf\" class=\"wp-block-file__button wp-element-button\" download aria-describedby=\"wp-block-file--media-1c8c8524-6035-4dc5-ae92-483d04dc7eac\">Let\u00f6lt\u00e9s<\/a><\/div>\n\n\n\n<div data-wp-interactive=\"core\/file\" class=\"wp-block-file\"><object data-wp-bind--hidden=\"!state.hasPdfPreview\" hidden class=\"wp-block-file__embed\" data=\"https:\/\/mvmmgep.hu\/wp-content\/uploads\/2025\/03\/ISO-3834-2-IIW-1-2.lap__2025.03.07.-2030.03.07-ig.pdf\" type=\"application\/pdf\" style=\"width:100%;height:600px\" aria-label=\"ISO 3834-2--IIW-1-2.lap__2025.03.07.-2030.03.07-ig be\u00e1gyaz\u00e1sa\"><\/object><a id=\"wp-block-file--media-ee5b255c-067e-4783-92f9-4e7ebb7d021a\" href=\"https:\/\/mvmmgep.hu\/wp-content\/uploads\/2025\/03\/ISO-3834-2-IIW-1-2.lap__2025.03.07.-2030.03.07-ig.pdf\">ISO 3834-2&#8211;IIW-1-2.lap__2025.03.07.-2030.03.07-ig<\/a><a href=\"https:\/\/mvmmgep.hu\/wp-content\/uploads\/2025\/03\/ISO-3834-2-IIW-1-2.lap__2025.03.07.-2030.03.07-ig.pdf\" class=\"wp-block-file__button wp-element-button\" download aria-describedby=\"wp-block-file--media-ee5b255c-067e-4783-92f9-4e7ebb7d021a\">Let\u00f6lt\u00e9s<\/a><\/div>\n\n\n\n<div data-wp-interactive=\"core\/file\" class=\"wp-block-file\"><object data-wp-bind--hidden=\"!state.hasPdfPreview\" hidden class=\"wp-block-file__embed\" data=\"https:\/\/mvmmgep.hu\/wp-content\/uploads\/2024\/05\/04__EN-1090-1_en__2023.04.04.-2026.04.12-ig.pdf\" type=\"application\/pdf\" style=\"width:100%;height:600px\" aria-label=\"04__EN-1090-1_en__2023.04.04.-2026.04.12-ig be\u00e1gyaz\u00e1sa\"><\/object><a id=\"wp-block-file--media-22fc974e-dfd1-44fa-b042-64c162d5289a\" href=\"https:\/\/mvmmgep.hu\/wp-content\/uploads\/2024\/05\/04__EN-1090-1_en__2023.04.04.-2026.04.12-ig.pdf\">04__EN-1090-1_en__2023.04.04.-2026.04.12-ig<\/a><a href=\"https:\/\/mvmmgep.hu\/wp-content\/uploads\/2024\/05\/04__EN-1090-1_en__2023.04.04.-2026.04.12-ig.pdf\" class=\"wp-block-file__button wp-element-button\" download aria-describedby=\"wp-block-file--media-22fc974e-dfd1-44fa-b042-64c162d5289a\">Let\u00f6lt\u00e9s<\/a><\/div>\n\n\n\n<div data-wp-interactive=\"core\/file\" class=\"wp-block-file\"><object data-wp-bind--hidden=\"!state.hasPdfPreview\" hidden class=\"wp-block-file__embed\" data=\"https:\/\/mvmmgep.hu\/wp-content\/uploads\/2024\/05\/05__EN-1090-2_en__2023.04.04.-2026.04.12.-ig.pdf\" type=\"application\/pdf\" style=\"width:100%;height:600px\" aria-label=\"05__EN-1090-2_en__2023.04.04.-2026.04.12.-ig be\u00e1gyaz\u00e1sa\"><\/object><a id=\"wp-block-file--media-b03dc871-b662-40a3-bacd-c50998e09296\" href=\"https:\/\/mvmmgep.hu\/wp-content\/uploads\/2024\/05\/05__EN-1090-2_en__2023.04.04.-2026.04.12.-ig.pdf\">05__EN-1090-2_en__2023.04.04.-2026.04.12.-ig<\/a><a href=\"https:\/\/mvmmgep.hu\/wp-content\/uploads\/2024\/05\/05__EN-1090-2_en__2023.04.04.-2026.04.12.-ig.pdf\" class=\"wp-block-file__button wp-element-button\" download aria-describedby=\"wp-block-file--media-b03dc871-b662-40a3-bacd-c50998e09296\">Let\u00f6lt\u00e9s<\/a><\/div>\n\n\n\n<div data-wp-interactive=\"core\/file\" class=\"wp-block-file\"><object data-wp-bind--hidden=\"!state.hasPdfPreview\" hidden class=\"wp-block-file__embed\" data=\"https:\/\/mvmmgep.hu\/wp-content\/uploads\/2025\/05\/EN-15085-2_2020_CL1_2025.04.11-2028.04.12-ig.pdf\" type=\"application\/pdf\" style=\"width:100%;height:600px\" aria-label=\"EN 15085-2_2020_CL1_2025.04.11-2028.04.12-ig be\u00e1gyaz\u00e1sa\"><\/object><a id=\"wp-block-file--media-ae52e0bf-beed-44e4-80d6-9bbb0232e61b\" href=\"https:\/\/mvmmgep.hu\/wp-content\/uploads\/2025\/05\/EN-15085-2_2020_CL1_2025.04.11-2028.04.12-ig.pdf\">EN 15085-2_2020_CL1_2025.04.11-2028.04.12-ig<\/a><a href=\"https:\/\/mvmmgep.hu\/wp-content\/uploads\/2025\/05\/EN-15085-2_2020_CL1_2025.04.11-2028.04.12-ig.pdf\" class=\"wp-block-file__button wp-element-button\" download aria-describedby=\"wp-block-file--media-ae52e0bf-beed-44e4-80d6-9bbb0232e61b\">Let\u00f6lt\u00e9s<\/a><\/div>\n\n\n\n<div data-wp-interactive=\"core\/file\" class=\"wp-block-file\"><object data-wp-bind--hidden=\"!state.hasPdfPreview\" hidden class=\"wp-block-file__embed\" data=\"https:\/\/mvmmgep.hu\/wp-content\/uploads\/2025\/04\/DIN-2303-Q2-BK1-2025.04.13.-2028.04.12-ig_EN.pdf\" type=\"application\/pdf\" style=\"width:100%;height:600px\" aria-label=\"DIN 2303 Q2 BK1 - 2025.04.13.-2028.04.12-ig_EN be\u00e1gyaz\u00e1sa\"><\/object><a id=\"wp-block-file--media-de86305c-8d74-497e-b87b-e1e2e7c3e04c\" href=\"https:\/\/mvmmgep.hu\/wp-content\/uploads\/2025\/04\/DIN-2303-Q2-BK1-2025.04.13.-2028.04.12-ig_EN.pdf\">DIN 2303 Q2 BK1 &#8211; 2025.04.13.-2028.04.12-ig_EN<\/a><a href=\"https:\/\/mvmmgep.hu\/wp-content\/uploads\/2025\/04\/DIN-2303-Q2-BK1-2025.04.13.-2028.04.12-ig_EN.pdf\" class=\"wp-block-file__button wp-element-button\" download aria-describedby=\"wp-block-file--media-de86305c-8d74-497e-b87b-e1e2e7c3e04c\">Let\u00f6lt\u00e9s<\/a><\/div>\n\n\n\n<div data-wp-interactive=\"core\/file\" class=\"wp-block-file\"><object data-wp-bind--hidden=\"!state.hasPdfPreview\" hidden class=\"wp-block-file__embed\" data=\"https:\/\/mvmmgep.hu\/wp-content\/uploads\/2025\/11\/ABOS-2-3-Paks_2025.10.29.-2026.10.31._KM-89_2025_Minosites.pdf\" type=\"application\/pdf\" style=\"width:100%;height:600px\" aria-label=\"ABOS 2 3 - Paks_2025.10.29.-2026.10.31._KM 89_2025_Min\u0151s\u00edt\u00e9s be\u00e1gyaz\u00e1sa\"><\/object><a id=\"wp-block-file--media-b8838e33-9d55-49cb-b526-3bc9b3007230\" href=\"https:\/\/mvmmgep.hu\/wp-content\/uploads\/2025\/11\/ABOS-2-3-Paks_2025.10.29.-2026.10.31._KM-89_2025_Minosites.pdf\">ABOS 2 3 &#8211; Paks_2025.10.29.-2026.10.31._KM 89_2025_Min\u0151s\u00edt\u00e9s<\/a><a href=\"https:\/\/mvmmgep.hu\/wp-content\/uploads\/2025\/11\/ABOS-2-3-Paks_2025.10.29.-2026.10.31._KM-89_2025_Minosites.pdf\" class=\"wp-block-file__button wp-element-button\" download aria-describedby=\"wp-block-file--media-b8838e33-9d55-49cb-b526-3bc9b3007230\">Let\u00f6lt\u00e9s<\/a><\/div>\n\n\n\n<div data-wp-interactive=\"core\/file\" class=\"wp-block-file\"><object data-wp-bind--hidden=\"!state.hasPdfPreview\" hidden class=\"wp-block-file__embed\" data=\"https:\/\/mvmmgep.hu\/wp-content\/uploads\/2025\/07\/NAH-3-0032_2025_AO-C-tipusu-ellenorzo-szervezet-2025.06.19.-2030.06.19-ig.pdf\" type=\"application\/pdf\" style=\"width:100%;height:600px\" aria-label=\"NAH-3-0032_2025_AO - C-t\u00edpus\u00fa ellen\u0151rz\u0151 szervezet - 2025.06.19.-2030.06.19-ig be\u00e1gyaz\u00e1sa\"><\/object><a id=\"wp-block-file--media-59f11004-f48a-45f5-ace4-d7c74cb06755\" href=\"https:\/\/mvmmgep.hu\/wp-content\/uploads\/2025\/07\/NAH-3-0032_2025_AO-C-tipusu-ellenorzo-szervezet-2025.06.19.-2030.06.19-ig.pdf\">NAH-3-0032_2025_AO &#8211; C-t\u00edpus\u00fa ellen\u0151rz\u0151 szervezet &#8211; 2025.06.19.-2030.06.19-ig<\/a><a href=\"https:\/\/mvmmgep.hu\/wp-content\/uploads\/2025\/07\/NAH-3-0032_2025_AO-C-tipusu-ellenorzo-szervezet-2025.06.19.-2030.06.19-ig.pdf\" class=\"wp-block-file__button wp-element-button\" download aria-describedby=\"wp-block-file--media-59f11004-f48a-45f5-ace4-d7c74cb06755\">Let\u00f6lt\u00e9s<\/a><\/div>\n","protected":false},"excerpt":{"rendered":"","protected":false},"author":1,"featured_media":0,"parent":0,"menu_order":0,"comment_status":"closed","ping_status":"closed","template":"","meta":{"footnotes":""},"class_list":["post-222","page","type-page","status-publish","hentry"],"_links":{"self":[{"href":"https:\/\/mvmmgep.hu\/index.php?rest_route=\/wp\/v2\/pages\/222","targetHints":{"allow":["GET"]}}],"collection":[{"href":"https:\/\/mvmmgep.hu\/index.php?rest_route=\/wp\/v2\/pages"}],"about":[{"href":"https:\/\/mvmmgep.hu\/index.php?rest_route=\/wp\/v2\/types\/page"}],"author":[{"embeddable":true,"href":"https:\/\/mvmmgep.hu\/index.php?rest_route=\/wp\/v2\/users\/1"}],"replies":[{"embeddable":true,"href":"https:\/\/mvmmgep.hu\/index.php?rest_route=%2Fwp%2Fv2%2Fcomments&post=222"}],"version-history":[{"count":17,"href":"https:\/\/mvmmgep.hu\/index.php?rest_route=\/wp\/v2\/pages\/222\/revisions"}],"predecessor-version":[{"id":801,"href":"https:\/\/mvmmgep.hu\/index.php?rest_route=\/wp\/v2\/pages\/222\/revisions\/801"}],"wp:attachment":[{"href":"https:\/\/mvmmgep.hu\/index.php?rest_route=%2Fwp%2Fv2%2Fmedia&parent=222"}],"curies":[{"name":"wp","href":"https:\/\/api.w.org\/{rel}","templated":true}]}}