{"id":220,"date":"2022-07-11T09:25:17","date_gmt":"2022-07-11T09:25:17","guid":{"rendered":"https:\/\/mvmmgep.hu\/?page_id=220"},"modified":"2022-07-11T09:25:17","modified_gmt":"2022-07-11T09:25:17","slug":"minosegbiztositas","status":"publish","type":"page","link":"https:\/\/mvmmgep.hu\/?page_id=220","title":{"rendered":"Min\u0151s\u00e9gbiztos\u00edt\u00e1s"},"content":{"rendered":"\n<p>C\u00e9g\u00fcnk rendelkezik ISO 3834-2 hegeszt\u0151i \u00fczemalkalmass\u00e1gi tan\u00fas\u00edt\u00e1ssal.<\/p>\n\n\n\n<p>EN ISO 9001:2015 szerinti min\u0151s\u00e9gir\u00e1ny\u00edt\u00e1si rendszert m\u0171k\u00f6dtet\u00fcnk 26. \u00e9ve folyamatosan, melyet rendszeresen fel\u00fclvizsg\u00e1ltatunk f\u00fcggetlen, nemzetk\u00f6zileg elismert tan\u00fas\u00edt\u00f3 szervezettel.<\/p>\n\n\n\n<p>A min\u0151s\u00e9gir\u00e1ny\u00edt\u00e1si rendszer kiterjed az egyedi g\u00e9palkatr\u00e9szek, g\u00e9pegys\u00e9gek, k\u00f6zepes- \u00e9s neh\u00e9z ac\u00e9lszerkezetek, forg\u00e1csolt alkatr\u00e9szek gy\u00e1rt\u00e1s\u00e1ra, fel\u00faj\u00edt\u00e1s\u00e1ra. H\u0151kezel\u00e9sre. Villamos g\u00e9pek, hajt\u00f3m\u0171vek, szivatty\u00fak fel\u00faj\u00edt\u00e1s\u00e1ra, jav\u00edt\u00e1s\u00e1ra.<\/p>\n\n\n\n<p>2012-ben megszerezt\u00fck az EN 15085 szabv\u00e1ny CL1 fokozata szerinti min\u0151s\u00edt\u00e9st a vas\u00fati j\u00e1rm\u0171vek alkatr\u00e9szeinek gy\u00e1rt\u00e1s\u00e1ra.<\/p>\n\n\n\n<p>2013-ban t\u00e1rsas\u00e1gunk az eur\u00f3pai piac egyre szigor\u00fabb k\u00f6vetelm\u00e9nyeinek megfelel\u0151en megszerezte az&nbsp; EN 1090-1 \u00e9s az EN 1090-2 EXE 3 statikusan \u00e9s dinamikusan ig\u00e9nybe vett ac\u00e9lszerkezetek, ac\u00e9lfel\u00e9p\u00edtm\u00e9nyek gy\u00e1rt\u00e1s\u00e1ra vonatkoz\u00f3 tan\u00fas\u00edt\u00e1st.<\/p>\n\n\n\n<p>B\u00e1nyaipari ter\u00fcletre gy\u00e1rtott alkatr\u00e9szeinket a DIN 22261 szerinti k\u00fclfejt\u00e9ses b\u00e1nyag\u00e9pek kialak\u00edt\u00e1s\u00e1nak ir\u00e1nyelvei&nbsp; szabv\u00e1nyban el\u0151\u00edrtaknak megfelel\u0151en \u00e1ll\u00edtjuk el\u0151.<\/p>\n\n\n\n<p>A gy\u00e1rt\u00e1ssal kapcsolatos fokozott k\u00f6rnyezetv\u00e9delmi k\u00f6vetelm\u00e9nyek teljes\u00edt\u00e9s\u00e9nek igazol\u00e1s\u00e1ra 2022 \u00e9vben audit\u00e1ltuk a c\u00e9get az MSZ EN ISO 14001:2015 K\u00f6rnyezet K\u00f6zpont\u00fa Ir\u00e1ny\u00edt\u00e1si Rendszer szabv\u00e1nyban foglalt el\u0151\u00edr\u00e1sokra, tov\u00e1bb\u00e1<\/p>\n\n\n\n<p>2022-ben megszerezt\u00fck az ISO 2023 hadiipari besz\u00e1ll\u00edt\u00f3i alkalmass\u00e1gi szabv\u00e1ny Q1, BK2 fokozat\u00e1t. A j\u00f3 min\u0151s\u00e9g\u0171 term\u00e9k el\u0151\u00e1ll\u00edt\u00e1sa v\u00e1llalkoz\u00e1sunk j\u00f6v\u0151je.<\/p>\n","protected":false},"excerpt":{"rendered":"<p>C\u00e9g\u00fcnk rendelkezik ISO 3834-2 hegeszt\u0151i \u00fczemalkalmass\u00e1gi tan\u00fas\u00edt\u00e1ssal. EN ISO 9001:2015 szerinti min\u0151s\u00e9gir\u00e1ny\u00edt\u00e1si rendszert m\u0171k\u00f6dtet\u00fcnk 26. \u00e9ve folyamatosan, melyet rendszeresen fel\u00fclvizsg\u00e1ltatunk f\u00fcggetlen, nemzetk\u00f6zileg elismert tan\u00fas\u00edt\u00f3 szervezettel. A min\u0151s\u00e9gir\u00e1ny\u00edt\u00e1si rendszer kiterjed az egyedi g\u00e9palkatr\u00e9szek, g\u00e9pegys\u00e9gek, k\u00f6zepes- \u00e9s neh\u00e9z ac\u00e9lszerkezetek, forg\u00e1csolt alkatr\u00e9szek gy\u00e1rt\u00e1s\u00e1ra, fel\u00faj\u00edt\u00e1s\u00e1ra. H\u0151kezel\u00e9sre. Villamos g\u00e9pek, hajt\u00f3m\u0171vek, szivatty\u00fak fel\u00faj\u00edt\u00e1s\u00e1ra, jav\u00edt\u00e1s\u00e1ra. 2012-ben megszerezt\u00fck az EN 15085 szabv\u00e1ny CL1 [&hellip;]<\/p>\n","protected":false},"author":1,"featured_media":0,"parent":0,"menu_order":0,"comment_status":"closed","ping_status":"closed","template":"","meta":{"footnotes":""},"class_list":["post-220","page","type-page","status-publish","hentry"],"_links":{"self":[{"href":"https:\/\/mvmmgep.hu\/index.php?rest_route=\/wp\/v2\/pages\/220","targetHints":{"allow":["GET"]}}],"collection":[{"href":"https:\/\/mvmmgep.hu\/index.php?rest_route=\/wp\/v2\/pages"}],"about":[{"href":"https:\/\/mvmmgep.hu\/index.php?rest_route=\/wp\/v2\/types\/page"}],"author":[{"embeddable":true,"href":"https:\/\/mvmmgep.hu\/index.php?rest_route=\/wp\/v2\/users\/1"}],"replies":[{"embeddable":true,"href":"https:\/\/mvmmgep.hu\/index.php?rest_route=%2Fwp%2Fv2%2Fcomments&post=220"}],"version-history":[{"count":1,"href":"https:\/\/mvmmgep.hu\/index.php?rest_route=\/wp\/v2\/pages\/220\/revisions"}],"predecessor-version":[{"id":221,"href":"https:\/\/mvmmgep.hu\/index.php?rest_route=\/wp\/v2\/pages\/220\/revisions\/221"}],"wp:attachment":[{"href":"https:\/\/mvmmgep.hu\/index.php?rest_route=%2Fwp%2Fv2%2Fmedia&parent=220"}],"curies":[{"name":"wp","href":"https:\/\/api.w.org\/{rel}","templated":true}]}}