{"id":205,"date":"2022-07-11T09:14:55","date_gmt":"2022-07-11T09:14:55","guid":{"rendered":"https:\/\/mvmmgep.hu\/?page_id=205"},"modified":"2022-07-11T09:21:13","modified_gmt":"2022-07-11T09:21:13","slug":"bejelentesek-kivizsgalasanak-rendje","status":"publish","type":"page","link":"https:\/\/mvmmgep.hu\/?page_id=205","title":{"rendered":"Bejelent\u00e9sek kivizsg\u00e1l\u00e1s\u00e1nak rendje"},"content":{"rendered":"\n<p>A bejelent\u00e9sek kivizsg\u00e1l\u00e1sa egys\u00e9ges elj\u00e1r\u00e1srend szerint t\u00f6rt\u00e9nik f\u00fcggetlen\u00fcl att\u00f3l, hogy az munkat\u00e1rs, vagy k\u00fcls\u0151 szem\u00e9ly bejelent\u00e9s\u00e9re, vagy a munk\u00e1ltat\u00f3 \u00e9szlel\u00e9se alapj\u00e1n, esetleg munk\u00e1ltat\u00f3i vissza\u00e9l\u00e9s miatt indult<a>.<\/a><\/p>\n\n\n\n<p>Az MT feladata az integrit\u00e1s s\u00e9relmet tartalmaz\u00f3 bejelent\u00e9sek \u00e9s a k\u00fcls\u0151 panasz, k\u00f6z\u00e9rdek\u0171 bejelent\u00e9sek kezel\u00e9se sor\u00e1n, hogy a T\u00e1rsas\u00e1g \u00fcgyvezet\u0151j\u00e9nek nev\u00e9ben, jelen szab\u00e1lyzatban foglaltak szerint elj\u00e1rva ell\u00e1ssa a szervezeti integrit\u00e1st s\u00e9rt\u0151 \u00e9s a korrupci\u00f3s kock\u00e1zatokra vonatkoz\u00f3, valamint a k\u00fcls\u0151 panaszkezel\u00e9sre vonatkoz\u00f3 bejelent\u00e9sek fogad\u00e1s\u00e1val \u00e9s kivizsg\u00e1l\u00e1s\u00e1val kapcsolatos feladatokat.<\/p>\n\n\n\n<h3 class=\"wp-block-heading\"><strong>1.\u00a0\u00a0\u00a0\u00a0\u00a0\u00a0\u00a0\u00a0\u00a0\u00a0\u00a0\u00a0 \u00c9szlel\u00e9sek<\/strong><\/h3>\n\n\n\n<p>Az MT \u00e9szlel\u00e9se alapj\u00e1n is kezdem\u00e9nyezhet\u0151 megfelel\u00e9si elj\u00e1r\u00e1s.<\/p>\n\n\n\n<p>Az \u00e9szlel\u00e9s tartalmi r\u00f6gz\u00edt\u00e9s\u00e9r\u0151l az MT gondoskodik.<\/p>\n\n\n\n<p>Az \u00e9szlel\u00e9sr\u0151l k\u00e9sz\u00fclt jelent\u00e9s tartalma alapj\u00e1n ker\u00fcl kijel\u00f6l\u00e9sre az \u00e9rdemi elj\u00e1r\u00e1st lefolytat\u00f3 megb\u00edzott, megfelel\u00e9si tan\u00e1csad\u00f3.<\/p>\n\n\n\n<h3 class=\"wp-block-heading\"><strong>2.&nbsp;&nbsp;&nbsp;&nbsp;&nbsp;&nbsp;&nbsp;&nbsp;&nbsp;&nbsp;&nbsp;&nbsp; <\/strong><strong>Be\u00e9rkezett bejelent\u00e9sek vizsg\u00e1lata<\/strong><\/h3>\n\n\n\n<p>Az MT a bejelent\u00e9st a be\u00e9rkez\u00e9s\u00e9t k\u00f6vet\u0151en halad\u00e9ktalanul megvizsg\u00e1lja, abb\u00f3l a szempontb\u00f3l, hogy a bejelent\u00e9s integrit\u00e1s t\u00e1rgy\u00fa bejelent\u00e9snek min\u0151s\u00fcl-e. Az integrit\u00e1si bejelent\u00e9snek nem min\u0151s\u00fcl\u0151 bejelent\u00e9seket annak tartalm\u00e1t\u00f3l f\u00fcgg\u0151en:<\/p>\n\n\n\n<ol class=\"wp-block-list\" type=\"a\"><li>legk\u00e9s\u0151bb a beadv\u00e1ny be\u00e9rkez\u00e9s\u00e9t k\u00f6vet\u0151 5 napon bel\u00fcl megk\u00fcldi az:<\/li><li>elj\u00e1r\u00e1sra jogosult m\u00e1s szervezeti egys\u00e9ghez vagy,<\/li><li>az \u00fcgyben elj\u00e1r\u00e1sra hat\u00e1sk\u00f6rrel \u00e9s illet\u00e9kess\u00e9ggel b\u00edr\u00f3 rendelkez\u0151 szervhez, ha az k\u00f6z\u00e9rdek\u0171 bejelent\u00e9snek, feljelent\u00e9snek min\u0151s\u00fcl,<\/li><\/ol>\n\n\n\n<p>A bejelent\u00e9s megk\u00fcld\u00e9se nem akad\u00e1lya annak, hogy az \u00fcgyben integrit\u00e1s t\u00e1rgy\u00fa elj\u00e1r\u00e1s ker\u00fclj\u00f6n elrendel\u00e9sre, ha annak oka felmer\u00fcl.<\/p>\n\n\n\n<p>b)&nbsp;&nbsp;&nbsp;&nbsp;&nbsp; amennyiben a beadv\u00e1ny tov\u00e1bbi int\u00e9zked\u00e9st nem ig\u00e9nyel az MT gondoskodik annak meg\u0151rz\u00e9s\u00e9r\u0151l.<\/p>\n\n\n\n<p>c)&nbsp;&nbsp;&nbsp;&nbsp;&nbsp;&nbsp; a kor\u00e1bbival azonos tartalm\u00fa, vagy m\u00e1r kivizsg\u00e1lt esetekre tett, vagy a nem el\u00e9gs\u00e9ges inform\u00e1ci\u00f3t tartalmaz\u00f3 bejelent\u00e9sek kivizsg\u00e1l\u00e1sa mell\u0151zhet\u0151, azonban a bejelent\u00e9s t\u00e9ny\u00e9t \u00edr\u00e1sban r\u00f6gz\u00edteni kell.<\/p>\n\n\n\n<h3 class=\"wp-block-heading\"><strong>3.\u00a0\u00a0\u00a0\u00a0\u00a0\u00a0\u00a0\u00a0\u00a0\u00a0\u00a0\u00a0 Szervezeti integrit\u00e1st s\u00e9rt\u0151 esem\u00e9nyek vizsg\u00e1lati folyamata<\/strong><\/h3>\n\n\n\n<p>A T\u00e1rsas\u00e1g biztos\u00edtja, hogy a bejelent\u00e9sben \u00e9rintett valamennyi szem\u00e9ly eset\u00e9ben \u00e9rv\u00e9nyes\u00fclj\u00f6n az \u00e1rtatlans\u00e1g v\u00e9lelme, m\u00e9g abban az esetben is, ha azonnali int\u00e9zked\u00e9s ig\u00e9nye mer\u00fclt fel. Az \u00e1rtatlans\u00e1g v\u00e9lelme az elj\u00e1r\u00e1s befejez\u00e9s\u00e9ig elvonhatatlan jog, az esetlegesen meg\u00e1llap\u00edtott szankci\u00f3k pedig ar\u00e1nyosak \u00e9s k\u00f6vetkezetesek kell, hogy legyenek.<\/p>\n\n\n\n<p>Az MT a bejelent\u00e9st a k\u00f6vetkez\u0151 szempontok alapj\u00e1n vizsg\u00e1lja \u00e9s \u00e9rt\u00e9keli:<\/p>\n\n\n\n<ul class=\"wp-block-list\"><li>a bejelent\u00e9s jellege, aszerint, hogy az mire vonatkozik,<\/li><li>bejelent\u00e9st a tartalma szerint vizsg\u00e1lat keret\u00e9ben, vagy annak lefolytat\u00e1sa n\u00e9lk\u00fcl lehet tiszt\u00e1zni,<\/li><li>bejelent\u00e9s ig\u00e9nyel-e azonnali int\u00e9zked\u00e9st.<\/li><\/ul>\n\n\n\n<p>Az \u00e9rt\u00e9kel\u00e9sr\u0151l, a bejelent\u00e9s be\u00e9rkez\u00e9s\u00e9t k\u00f6vet\u0151 10 munkanapon bel\u00fcl feljegyz\u00e9st az MT sz\u00e1m\u00e1ra.<\/p>\n\n\n\n<p>Ha a bejelent\u00e9s kapcs\u00e1n azonnali int\u00e9zked\u00e9s ig\u00e9nye mer\u00fcl fel, akkor erre vonatkoz\u00f3 javaslat\u00e1t is halad\u00e9ktalanul, akad\u00e1lyoztat\u00e1s eset\u00e9n, r\u00f6vid \u00faton felterjeszti az \u00fcgyvezet\u0151nek.<\/p>\n\n\n\n<p>Amennyiben a bejelent\u00e9s alapj\u00e1n nem indokolt vizsg\u00e1lat lefolytat\u00e1sa, \u00fagy az \u00fcgyvezet\u0151 az MT javaslata alapj\u00e1n d\u00f6nt a tov\u00e1bbi elj\u00e1r\u00e1sr\u00f3l.<\/p>\n\n\n\n<p>Ha a bejelent\u00e9st k\u00f6vet\u0151en az MT d\u00f6nt\u00e9se alapj\u00e1n vizsg\u00e1lati elj\u00e1r\u00e1s sz\u00fcks\u00e9ges, \u00fagy az MT az elj\u00e1r\u00e1s lefolytat\u00e1s\u00e1t elrendeli az \u00fcgyvezet\u0151 &nbsp;egyidej\u0171 t\u00e1j\u00e9koztat\u00e1sa mellett.<\/p>\n\n\n\n<p>A vizsg\u00e1lat lefolytat\u00e1s\u00e1ra kijel\u00f6lt megb\u00edzott, megfelel\u00e9si tan\u00e1csad\u00f3 a bejelent\u00e9s \u00e9rt\u00e9kel\u00e9s\u00e9t k\u00f6vet\u0151en megvizsg\u00e1lja az elj\u00e1r\u00e1shoz sz\u00fcks\u00e9ges vagy a beadv\u00e1nyban jelzett dokumentumok, valamint a bejelent\u00e9s int\u00e9z\u00e9s\u00e9hez sz\u00fcks\u00e9ges tov\u00e1bbi inform\u00e1ci\u00f3k rendelkez\u00e9sre \u00e1ll\u00e1s\u00e1t.<\/p>\n\n\n\n<p>Amennyiben indokolt, a megb\u00edzott\/megfelel\u00e9si tan\u00e1csad\u00f3 az \u00fcgyvezet\u0151nek javaslatot terjeszt el\u0151 a bevonni k\u00edv\u00e1nt vizsg\u00e1l\u00f3k, szak\u00e9rt\u0151k szem\u00e9ly\u00e9re. Az \u00fcgyvezet\u0151 j\u00f3v\u00e1hagy\u00e1sa eset\u00e9n kezdem\u00e9nyezi a vizsg\u00e1l\u00f3k \u00e9s szak\u00e9rt\u0151k bevon\u00e1s\u00e1t.<\/p>\n\n\n\n<p>A bejelent\u00e9ssel \u00f6sszef\u00fcgg\u0151 inform\u00e1ci\u00f3k rendelkez\u00e9sre bocs\u00e1t\u00e1sa \u00e9rdek\u00e9ben \u00edr\u00e1sban, hivatalosan megkeresett szervezeti egys\u00e9g k\u00f6teles a k\u00e9rt adatokat a megkeres\u00e9sben \u00edrtakra figyelemmel, az abban meghat\u00e1rozott hat\u00e1rid\u0151re az adatkezel\u00e9sre, adatv\u00e9delemre \u00e9s inform\u00e1ci\u00f3 biztons\u00e1gra vonatkoz\u00f3 szab\u00e1lyok betart\u00e1sa mellett a megb\u00edzott\/megfelel\u00e9si tan\u00e1csad\u00f3 rendelkez\u00e9s\u00e9re bocs\u00e1tani. Amennyiben a k\u00e9rt adatok rendelkez\u00e9sre bocs\u00e1t\u00e1s\u00e1t valamilyen t\u00e9ny vagy k\u00f6r\u00fclm\u00e9ny akad\u00e1lyozza, \u00fagy azt k\u00f6teles halad\u00e9ktalanul az MT fel\u00e9 &nbsp;\u00edr\u00e1sban (e-mailben) jelezni.<\/p>\n\n\n\n<p>Amennyiben a vizsg\u00e1lat jellege, a bejelent\u00e9s eredm\u00e9nyes elint\u00e9z\u00e9se ezt indokoltt\u00e1 teszi, a megb\u00edzott\/megfelel\u00e9si tan\u00e1csad\u00f3 az \u00fcgyben \u00e9rintett, vagy arr\u00f3l ismerettel rendelkez\u0151 munkat\u00e1rsat meghallgatja. A megb\u00edzott\/megfelel\u00e9si tan\u00e1csad\u00f3 int\u00e9zkedik tov\u00e1bb\u00e1 a bejelent\u00e9sben megjel\u00f6lt ter\u00fclet vezet\u0151j\u00e9nek meghallgat\u00e1s\u00e1r\u00f3l is.<\/p>\n\n\n\n<p>A szem\u00e9lyes meghallgat\u00e1sr\u00f3l, a hely \u00e9s id\u0151pont megjel\u00f6l\u00e9s\u00e9vel, a munkat\u00e1rsat a meghallgat\u00e1s id\u0151pontja el\u0151tt legal\u00e1bb k\u00e9t munkanappal \u00edr\u00e1sban (e-mailben) \u00e9rtes\u00edteni kell. Az e-mailben t\u00f6rt\u00e9nt \u00e9rtes\u00edt\u00e9sr\u0151l feljegyz\u00e9st kell k\u00e9sz\u00edteni, ami a vizsg\u00e1lati iratok r\u00e9sz\u00e9t k\u00e9pezi. A megb\u00edzott\/megfelel\u00e9si tan\u00e1csad\u00f3 vagy az \u00e1ltala felk\u00e9rt szakter\u00fclet meghallgat\u00e1s\u00e1n az \u00e9rtes\u00edtett munkat\u00e1rsnak k\u00f6teless\u00e9ge megjelenni.<\/p>\n\n\n\n<p>A szem\u00e9lyes meghallgat\u00e1sr\u00f3l jegyz\u0151k\u00f6nyvet kell felvenni, melynek k\u00f6telez\u0151en tartalmaznia kell:<\/p>\n\n\n\n<ul class=\"wp-block-list\"><li>a meghallgat\u00e1s hely\u00e9t, id\u0151pontj\u00e1t, a r\u00e9szvev\u0151k nev\u00e9t,<\/li><li>a meghallgatott nev\u00e9t, szem\u00e9lyes adatait, jogviszony\u00e1t, szervezeti egys\u00e9g\u00e9re vonatkoz\u00f3 adatokat,<\/li><li>meghallgatott milyen \u2013 bejelent\u0151, tan\u00fa, \u00e9rintett \u2013 min\u0151s\u00e9gben van jelen,<\/li><li>a meghallgat\u00e1s t\u00e1rgy\u00e1t,<\/li><li>a meghallgat\u00e1s sor\u00e1n feltett k\u00e9rd\u00e9seket \u00e9s az azokra adott v\u00e1laszokat,<\/li><li>a jegyz\u0151k\u00f6nyvben foglaltak megismer\u00e9s\u00e9nek t\u00e9ny\u00e9t, \u00e9s az azzal val\u00f3 egyet\u00e9rt\u00e9sre vonatkoz\u00f3 nyilatkozatot,<\/li><li>a meghallgat\u00e1son r\u00e9sztvev\u0151k al\u00e1\u00edr\u00e1s\u00e1t, a jegyz\u0151k\u00f6nyv lez\u00e1r\u00e1s\u00e1nak id\u0151pontj\u00e1t,<\/li><li>a jegyz\u0151k\u00f6nyvet minden oldal alj\u00e1n al\u00e1 kell \u00edrniuk a r\u00e9sztvev\u0151knek.<\/li><\/ul>\n\n\n\n<p>A meghallgatott k\u00e9rheti szem\u00e9lyes adatainak z\u00e1rtan t\u00f6rt\u00e9n\u0151 kezel\u00e9s\u00e9t. Ebben az esetben szem\u00e9lyes adatait ugyan az \u00fcgy iratai k\u00f6z\u00f6tt, de a megfelel\u00e9si tan\u00e1csad\u00f3 \u00e1ltal al\u00e1\u00edrt, lez\u00e1rt bor\u00edt\u00e9kban kell elhelyezni.<\/p>\n\n\n\n<p>A megb\u00edzott\/megfelel\u00e9si tan\u00e1csad\u00f3 a bejelent\u00e9st annak be\u00e9rkez\u00e9s\u00e9t k\u00f6vet\u0151 legk\u00e9s\u0151bb 60 napon bel\u00fcl kivizsg\u00e1lja, \u00e9s a d\u00f6nt\u00e9sre el\u0151k\u00e9sz\u00edtett \u00fcgyiratot az \u00fcgyvezet\u0151nek &nbsp;el\u0151terjeszti. Az elj\u00e1r\u00e1s sor\u00e1n t\u00f6rekedni kell annak gyors, de kell\u0151en r\u00e9szletes lefolytat\u00e1s\u00e1ra. Az \u00fcgyint\u00e9z\u00e9si hat\u00e1rid\u0151 30 nappal meghosszabb\u00edthat\u00f3. Az \u00fcgyint\u00e9z\u00e9si hat\u00e1rid\u0151be nem sz\u00e1m\u00edt bele az adatbek\u00e9r\u00e9si megkeres\u00e9sek teljes\u00edt\u00e9s\u00e9ig terjed\u0151 id\u0151tartam.<\/p>\n\n\n\n<p>Ha a megb\u00edzott\/megfelel\u00e9si tan\u00e1csad\u00f3 az \u00f6sszegy\u0171jt\u00f6tt dokument\u00e1lt inform\u00e1ci\u00f3k alapj\u00e1n azt \u00e1llap\u00edtja meg, hogy a bejelent\u00e9ssel \u00e9rintett szem\u00e9ly a T\u00e1rsas\u00e1g szervezeti integrit\u00e1s\u00e1t megs\u00e9rtette, akkor arra is ki kell t\u00e9rnie, hogy azt milyen szab\u00e1lyok megs\u00e9rt\u00e9se alapozta meg.<\/p>\n\n\n\n<p>Amennyiben a lefolytatott vizsg\u00e1lat sor\u00e1n meg\u00e1llap\u00edthat\u00f3, hogy az esem\u00e9ny bek\u00f6vetkezt\u00e9vel a T\u00e1rsas\u00e1g szervezeti integrit\u00e1sa megs\u00e9r\u00fclt, akkor az MT az \u00fcgyet lez\u00e1r\u00f3 dokumentumban kit\u00e9r arra, hogy az esem\u00e9nyt gondatlan vagy sz\u00e1nd\u00e9kos magatart\u00e1s\u00e1val, eseti, vagy ism\u00e9telt, esetleg rendszeres jelleggel okozta.<\/p>\n\n\n\n<p>A megb\u00edzott\/megfelel\u00e9si tan\u00e1csad\u00f3 felt\u00e1rja a szervezeti integrit\u00e1st s\u00e9rt\u0151 esem\u00e9nyekhez vezet\u0151 k\u00f6r\u00fclm\u00e9nyeket, t\u00e9nyez\u0151ket, okokat, a szervezeti integrit\u00e1st s\u00e9rt\u0151 esem\u00e9nyek k\u00f6vetkezm\u00e9nyeit, ha van p\u00e9nz\u00fcgy hat\u00e1sa annak v\u00e1rhat\u00f3 nagys\u00e1g\u00e1t, tov\u00e1bb\u00e1 korrig\u00e1lhat\u00f3s\u00e1g\u00e1nak vagy korrig\u00e1lhatatlans\u00e1g\u00e1nak t\u00e9ny\u00e9t.<\/p>\n\n\n\n<p>A megb\u00edzott\/megfelel\u00e9si tan\u00e1csad\u00f3 a vizsg\u00e1lat befejez\u00e9se ut\u00e1n indokolt esetben javasolja a felel\u0151ss\u00e9gre von\u00e1s kezdem\u00e9nyez\u00e9s\u00e9t, amelyr\u0151l d\u00f6nt\u00e9s el\u0151k\u00e9sz\u00edt\u0151 anyagot k\u00e9sz\u00edt, ha vizsg\u00e1lata alatt \u00e9szlel olyan k\u00f6r\u00fclm\u00e9nyt, ami halad\u00e9ktalan d\u00f6nt\u00e9st ig\u00e9nyel, \u00fagy annak el\u0151k\u00e9sz\u00edt\u00e9s\u00e9t is elv\u00e9gzi, \u00e9s az \u00fcgyvezet\u0151nek el\u0151terjeszti.<\/p>\n\n\n\n<p>A vizsg\u00e1lat lez\u00e1r\u00e1s\u00e1t k\u00f6vet\u0151en a megb\u00edzott\/megfelel\u00e9si tan\u00e1csad\u00f3 \u00f6sszefoglal\u00f3 jelent\u00e9s k\u00e9sz\u00edt\u00e9s\u00e9vel d\u00f6nt\u00e9sre el\u0151k\u00e9sz\u00edti \u00fcgyet, \u00e9s az MT a T\u00e1rsas\u00e1g \u00fcgyvezet\u0151j\u00e9nek az \u00fcgyre vonatkoz\u00f3, az elj\u00e1r\u00e1s sor\u00e1n keletkez\u0151 dokumentumokkal \u00e9s a bejelent\u0151 r\u00e9sz\u00e9re k\u00e9sz\u00edtett v\u00e1laszlev\u00e9l tervezettel egyetemben felterjeszti.<\/p>\n\n\n\n<p>Az \u00f6sszefoglal\u00f3 jelent\u00e9s sz\u00fcks\u00e9ges elemei:<\/p>\n\n\n\n<ol class=\"wp-block-list\" type=\"a\"><li>a bejelent\u00e9s r\u00f6vid \u00f6sszefoglal\u00e1sa,<\/li><li>a bejelent\u00e9s alapj\u00e1n m\u00e1r megtett k\u00f6zbens\u0151 int\u00e9zked\u00e9seket \u00e9s azok hat\u00e1sait, eredm\u00e9nyeit,<\/li><li>a vizsg\u00e1lat n\u00e9lk\u00fcl lez\u00e1rhat\u00f3 \u00fcgy eset\u00e9ben a vizsg\u00e1lat mell\u0151z\u00e9s\u00e9nek ok\u00e1t,<\/li><li>az elj\u00e1r\u00e1s sor\u00e1n a keletkezett, a d\u00f6nt\u00e9shozatalkor figyelembe vett bizony\u00edt\u00e9kokat,<\/li><li>az elj\u00e1r\u00e1s alapj\u00e1n meg\u00e1llap\u00edtott t\u00e9nyeket,<\/li><li>az \u00fcgy lez\u00e1r\u00e1s\u00e1hoz sz\u00fcks\u00e9ges int\u00e9zked\u00e9sekre vonatkoz\u00f3 \u00e9rdemi javaslatokat.<\/li><\/ol>\n\n\n\n<p>A T\u00e1rsas\u00e1g \u00fcgyvezet\u0151je az MT \u00e1ltal lefolytattatott vizsg\u00e1lat meg\u00e1llap\u00edt\u00e1sait figyelembe v\u00e9ve d\u00f6nt\u00e9st hozhat tov\u00e1bbi l\u00e9p\u00e9sek megt\u00e9tel\u00e9re, vagy meghozza az \u00fcgy lez\u00e1r\u00e1s\u00e1ra vonatkoz\u00f3 d\u00f6nt\u00e9st. A d\u00f6nt\u00e9s meghozatala el\u0151tt kieg\u00e9sz\u00edt\u00e9st k\u00e9rhet az MT-t\u0151l, amennyiben indokoltnak l\u00e1tja az elj\u00e1r\u00e1s tov\u00e1bb folytat\u00e1s\u00e1ra h\u00edvhatja fel.<\/p>\n\n\n\n<p>Az \u00fcgy \u00e9rdemi befejez\u00e9s\u00e9t k\u00f6vet\u0151en az MT az \u00e9rintett szakter\u00fclet vezet\u0151j\u00e9nek, szak\u00e9rt\u0151inek bevon\u00e1s\u00e1val gondoskodik a felt\u00e1rt hib\u00e1k, illetve a jogs\u00e9rt\u0151 magatart\u00e1s megsz\u00fcntet\u00e9se \u00e9rdek\u00e9ben sz\u00fcks\u00e9ges int\u00e9zked\u00e9sek foganatos\u00edt\u00e1s\u00e1nak el\u0151k\u00e9sz\u00edt\u00e9s\u00e9r\u0151l. Az int\u00e9zked\u00e9sek v\u00e9grehajt\u00e1s\u00e1nak nyomon k\u00f6vet\u00e9se kapcs\u00e1n az MT az \u00e9rintett szakter\u00fclet vezet\u0151j\u00e9t\u0151l t\u00e1j\u00e9koztat\u00e1st k\u00e9rhet a megtett int\u00e9zked\u00e9sekr\u0151l a hat\u00e1rid\u0151k figyelembe v\u00e9tel\u00e9vel.<\/p>\n\n\n\n<p>Ha a lefolytatott vizsg\u00e1lat sor\u00e1n az MT arra a k\u00f6vetkeztet\u00e9sre jut, hogy a T\u00e1rsas\u00e1g integrit\u00e1sa nem s\u00e9r\u00fclt, akkor az \u00fcgyben az elj\u00e1r\u00e1st az MT megsz\u00fcnteti.<\/p>\n\n\n\n<p>A vizsg\u00e1lat eredm\u00e9ny\u00e9r\u0151l a bejelent\u0151t &#8211; amennyiben szem\u00e9lye ismert &#8211; igazolhat\u00f3 m\u00f3don, adatv\u00e9delmi el\u0151\u00edr\u00e1sok figyelembev\u00e9tel\u00e9vel \u00e9rtes\u00edteni kell.<\/p>\n\n\n\n<h3 class=\"wp-block-heading\"><strong>4.\u00a0\u00a0\u00a0\u00a0\u00a0\u00a0\u00a0\u00a0\u00a0\u00a0\u00a0\u00a0 A vizsg\u00e1lat sor\u00e1n alkalmazand\u00f3 egy\u00e9b szab\u00e1lyok<\/strong><\/h3>\n\n\n\n<p>A bejelent\u0151 szem\u00e9ly\u00e9re vonatkoz\u00f3 adatok megkeres\u00e9s eset\u00e9n m\u00e1s, (szab\u00e1lys\u00e9rt\u00e9si -, nyomoz\u00f3 hat\u00f3s\u00e1g, b\u00edr\u00f3s\u00e1g, \u00fcgy\u00e9szs\u00e9g, k\u00f6zigazgat\u00e1si szerv kiv\u00e9tel\u00e9vel) szervnek t\u00f6rt\u00e9n\u0151 \u00e1tad\u00e1s\u00e1hoz, vagy nyilv\u00e1noss\u00e1gra hozatal\u00e1hoz a bejelent\u0151 szem\u00e9ly\u00e9nek \u00f6nk\u00e9ntes \u00e9s el\u0151zetes hozz\u00e1j\u00e1rul\u00e1sa sz\u00fcks\u00e9ges. Ez al\u00f3l szint\u00e9n kiv\u00e9telt k\u00e9pez, ha bejelent\u00e9s alapj\u00e1n a T\u00e1rsas\u00e1g \u00e1ltali b\u00fcntet\u0151- vagy szab\u00e1lys\u00e9rt\u00e9si feljelent\u00e9sek van helye.<\/p>\n\n\n\n<p>A megb\u00edzott\/megfelel\u00e9si tan\u00e1csad\u00f3 az elj\u00e1r\u00e1sa sor\u00e1n tudom\u00e1s\u00e1ra jutott inform\u00e1ci\u00f3kat bizalmasan kezeli, azokat a Szab\u00e1lyzatban meghat\u00e1rozott kiv\u00e9telt\u0151l eltekintve, kiz\u00e1r\u00f3lag az elj\u00e1r\u00e1s lefolytat\u00e1s\u00e1hoz haszn\u00e1lhatja fel.<\/p>\n","protected":false},"excerpt":{"rendered":"<p>A bejelent\u00e9sek kivizsg\u00e1l\u00e1sa egys\u00e9ges elj\u00e1r\u00e1srend szerint t\u00f6rt\u00e9nik f\u00fcggetlen\u00fcl att\u00f3l, hogy az munkat\u00e1rs, vagy k\u00fcls\u0151 szem\u00e9ly bejelent\u00e9s\u00e9re, vagy a munk\u00e1ltat\u00f3 \u00e9szlel\u00e9se alapj\u00e1n, esetleg munk\u00e1ltat\u00f3i vissza\u00e9l\u00e9s miatt indult. Az MT feladata az integrit\u00e1s s\u00e9relmet tartalmaz\u00f3 bejelent\u00e9sek \u00e9s a k\u00fcls\u0151 panasz, k\u00f6z\u00e9rdek\u0171 bejelent\u00e9sek kezel\u00e9se sor\u00e1n, hogy a T\u00e1rsas\u00e1g \u00fcgyvezet\u0151j\u00e9nek nev\u00e9ben, jelen szab\u00e1lyzatban foglaltak szerint elj\u00e1rva ell\u00e1ssa a szervezeti [&hellip;]<\/p>\n","protected":false},"author":1,"featured_media":0,"parent":0,"menu_order":0,"comment_status":"closed","ping_status":"closed","template":"","meta":{"footnotes":""},"class_list":["post-205","page","type-page","status-publish","hentry"],"_links":{"self":[{"href":"https:\/\/mvmmgep.hu\/index.php?rest_route=\/wp\/v2\/pages\/205","targetHints":{"allow":["GET"]}}],"collection":[{"href":"https:\/\/mvmmgep.hu\/index.php?rest_route=\/wp\/v2\/pages"}],"about":[{"href":"https:\/\/mvmmgep.hu\/index.php?rest_route=\/wp\/v2\/types\/page"}],"author":[{"embeddable":true,"href":"https:\/\/mvmmgep.hu\/index.php?rest_route=\/wp\/v2\/users\/1"}],"replies":[{"embeddable":true,"href":"https:\/\/mvmmgep.hu\/index.php?rest_route=%2Fwp%2Fv2%2Fcomments&post=205"}],"version-history":[{"count":2,"href":"https:\/\/mvmmgep.hu\/index.php?rest_route=\/wp\/v2\/pages\/205\/revisions"}],"predecessor-version":[{"id":213,"href":"https:\/\/mvmmgep.hu\/index.php?rest_route=\/wp\/v2\/pages\/205\/revisions\/213"}],"wp:attachment":[{"href":"https:\/\/mvmmgep.hu\/index.php?rest_route=%2Fwp%2Fv2%2Fmedia&parent=205"}],"curies":[{"name":"wp","href":"https:\/\/api.w.org\/{rel}","templated":true}]}}