{"id":203,"date":"2022-07-11T09:12:21","date_gmt":"2022-07-11T09:12:21","guid":{"rendered":"https:\/\/mvmmgep.hu\/?page_id=203"},"modified":"2024-07-02T06:31:03","modified_gmt":"2024-07-02T06:31:03","slug":"compliance","status":"publish","type":"page","link":"https:\/\/mvmmgep.hu\/?page_id=203","title":{"rendered":"Compliance"},"content":{"rendered":"\n<h2 class=\"wp-block-heading\">Vissza\u00e9l\u00e9sekre, szervezeti integrit\u00e1st s\u00e9rt\u0151 esem\u00e9nyekre, korrupci\u00f3s kock\u00e1zatokra ir\u00e1nyul\u00f3 bejelent\u00e9sek<\/h2>\n\n\n\n<p>Vissza\u00e9l\u00e9sekre, szervezeti integrit\u00e1st s\u00e9rt\u0151 esem\u00e9nyekre, korrupci\u00f3s kock\u00e1zatokra ir\u00e1nyul\u00f3 bejelent\u00e9seket, \u00e9szrev\u00e9teleket telefonon, postai \u00faton, e-mail \u00fatj\u00e1n, szem\u00e9lyesen \u00e9s anonimit\u00e1st biztos\u00edt\u00f3, nyilv\u00e1nos helyen elhelyezett bejelent\u0151 l\u00e1d\u00e1ban val\u00f3 elhelyez\u00e9ssel tudunk fogadni, az al\u00e1bbiak szerint:<br>\u2022<strong> telefonon, postai \u00faton, e-mail \u00fatj\u00e1n, szem\u00e9lyesen a Megfelel\u00e9st Tan\u00e1csad\u00f3n\u00e1l:<\/strong><br>dr. Tan\u00e1rki-F\u00fcl\u00f6p Bernadett<br>Megfelel\u00e9si tan\u00e1csad\u00f3<br>MVM M\u00e1tra G\u00e9p Kft.<br>3271 Visonta, Er\u0151m\u0171 utca 11.<br>telefon: 06 30 5258 537<br>e-mail: compliance@mvmmgep.hu<br>\u2022 <strong>anonimit\u00e1st biztos\u00edt\u00f3 dokumentum alap\u00fa bejelent\u00e9s:<\/strong><br>\u201eMEGFELEL\u00c9ST T\u00c1MOGAT\u00d3 SZERVEZET, VISSZA\u00c9L\u00c9SEK, KORRUPCI\u00d3S KOCK\u00c1ZATOK BEJELENT\u00c9SE\u201d felirat\u00fa T\u00e1rsas\u00e1g ter\u00fclet\u00e9n b\u00e1rki \u00e1ltal megk\u00f6zel\u00edthet\u0151 helyen elhelyezett postal\u00e1d\u00e1k.<\/p>\n\n\n\n<p>A bejelent\u00e9seket a Megfelel\u00e9si Tan\u00e1csad\u00f3 vizsg\u00e1lja ki. Bejelent\u00e9s miatt h\u00e1tr\u00e1ny senkit nem \u00e9rhet. A bejelent\u00e9sek kivizsg\u00e1l\u00e1sa sor\u00e1n \u00e9rv\u00e9nyes\u00fclnie kell az \u00e1rtatlans\u00e1g v\u00e9lelm\u00e9nek. A bejelent\u00e9sek kivizsg\u00e1l\u00e1sa sor\u00e1n a szakszer\u0171s\u00e9get \u00e9s a bizalmass\u00e1got biztos\u00edtani kell. A bejelent\u00e9sek kivizsg\u00e1l\u00e1s\u00e1t dokument\u00e1lni kell. A vizsg\u00e1latot z\u00e1r\u00f3 jelent\u00e9snek a t\u00e9ny\u00e1ll\u00e1s tiszt\u00e1z\u00e1s\u00e1n t\u00fal szankci\u00f3 alkalmaz\u00e1s\u00e1ra (vagy nem alkalmaz\u00e1s\u00e1ra) vonatkoz\u00f3 javaslatot is tartalmaznia kell. A T\u00e1rsas\u00e1gnak biztos\u00edtani kell, hogy a munkav\u00e1llal\u00f3k az integrit\u00e1st s\u00e9rt\u0151 esem\u00e9nyt \u2013 v\u00e1laszt\u00e1suk szerint \u2013 a szolg\u00e1lati \u00fat betart\u00e1s\u00e1val is jelezni tudj\u00e1k \u00e9s bejelent\u00e9s\u00fck miatt ebben az esetben se \u00e9rje h\u00e1tr\u00e1ny \u0151ket.<br>Az MTSZ m\u0171k\u00f6d\u00e9s\u00e9t az SZ2021\/78 az MVM M\u00e1tra G\u00e9p Kft. a megfelel\u00e9si tev\u00e9kenys\u00e9g ell\u00e1t\u00e1s\u00e1r\u00f3l sz\u00f3l\u00f3 Megfelel\u00e9si Szab\u00e1lyzata tartalmazza \u00f6sszhangban a 339\/2019. (XII.23.) Korm. rendelettel, a k\u00f6ztulajdonban \u00e1ll\u00f3 gazdas\u00e1gi t\u00e1rsas\u00e1gok takar\u00e9kosabb m\u0171k\u00f6d\u00e9s\u00e9r\u0151l sz\u00f3l\u00f3 2009. \u00e9vi CXXII. t\u00f6rv\u00e9nnyel, \u00e9s az uni\u00f3s jog megs\u00e9rt\u00e9s\u00e9t bejelent\u0151 szem\u00e9lyek v\u00e9delm\u00e9r\u0151l sz\u00f3l\u00f3 2019\/1937\/EU ir\u00e1nyelvvel. A Szab\u00e1lyzat a KIE-19 MVM Csoport Compliance K\u00f6zponti Ir\u00e1nyelvnek megfeleltetett tartalm\u00fa.<\/p>\n","protected":false},"excerpt":{"rendered":"<p>Vissza\u00e9l\u00e9sekre, szervezeti integrit\u00e1st s\u00e9rt\u0151 esem\u00e9nyekre, korrupci\u00f3s kock\u00e1zatokra ir\u00e1nyul\u00f3 bejelent\u00e9sek Vissza\u00e9l\u00e9sekre, szervezeti integrit\u00e1st s\u00e9rt\u0151 esem\u00e9nyekre, korrupci\u00f3s kock\u00e1zatokra ir\u00e1nyul\u00f3 bejelent\u00e9seket, \u00e9szrev\u00e9teleket telefonon, postai \u00faton, e-mail \u00fatj\u00e1n, szem\u00e9lyesen \u00e9s anonimit\u00e1st biztos\u00edt\u00f3, nyilv\u00e1nos helyen elhelyezett bejelent\u0151 l\u00e1d\u00e1ban val\u00f3 elhelyez\u00e9ssel tudunk fogadni, az al\u00e1bbiak szerint:\u2022 telefonon, postai \u00faton, e-mail \u00fatj\u00e1n, szem\u00e9lyesen a Megfelel\u00e9st Tan\u00e1csad\u00f3n\u00e1l:dr. Tan\u00e1rki-F\u00fcl\u00f6p BernadettMegfelel\u00e9si tan\u00e1csad\u00f3MVM M\u00e1tra G\u00e9p Kft.3271 [&hellip;]<\/p>\n","protected":false},"author":1,"featured_media":0,"parent":0,"menu_order":0,"comment_status":"closed","ping_status":"closed","template":"","meta":{"footnotes":""},"class_list":["post-203","page","type-page","status-publish","hentry"],"_links":{"self":[{"href":"https:\/\/mvmmgep.hu\/index.php?rest_route=\/wp\/v2\/pages\/203","targetHints":{"allow":["GET"]}}],"collection":[{"href":"https:\/\/mvmmgep.hu\/index.php?rest_route=\/wp\/v2\/pages"}],"about":[{"href":"https:\/\/mvmmgep.hu\/index.php?rest_route=\/wp\/v2\/types\/page"}],"author":[{"embeddable":true,"href":"https:\/\/mvmmgep.hu\/index.php?rest_route=\/wp\/v2\/users\/1"}],"replies":[{"embeddable":true,"href":"https:\/\/mvmmgep.hu\/index.php?rest_route=%2Fwp%2Fv2%2Fcomments&post=203"}],"version-history":[{"count":2,"href":"https:\/\/mvmmgep.hu\/index.php?rest_route=\/wp\/v2\/pages\/203\/revisions"}],"predecessor-version":[{"id":672,"href":"https:\/\/mvmmgep.hu\/index.php?rest_route=\/wp\/v2\/pages\/203\/revisions\/672"}],"wp:attachment":[{"href":"https:\/\/mvmmgep.hu\/index.php?rest_route=%2Fwp%2Fv2%2Fmedia&parent=203"}],"curies":[{"name":"wp","href":"https:\/\/api.w.org\/{rel}","templated":true}]}}