{"id":182,"date":"2022-07-11T08:45:51","date_gmt":"2022-07-11T08:45:51","guid":{"rendered":"https:\/\/mvmmgep.hu\/?page_id=182"},"modified":"2022-07-27T08:55:13","modified_gmt":"2022-07-27T08:55:13","slug":"anyagvizsgalat-diagnosztika","status":"publish","type":"page","link":"https:\/\/mvmmgep.hu\/?page_id=182","title":{"rendered":"Anyagvizsg\u00e1lat, diagnosztika"},"content":{"rendered":"\n<p>Tev\u00e9kenys\u00e9gi k\u00f6re:<\/p>\n\n\n\n<ul class=\"wp-block-list\"><li>Hajt\u00f3m\u0171vek, szalagp\u00e1lya dobok, g\u00e9palkatr\u00e9szek, villanymotor alkatr\u00e9szek kop\u00e1sainak, deform\u00e1ci\u00f3inak, reped\u00e9seinek \u00e9s marad\u00e9k falvastags\u00e1g\u00e1nak vizsg\u00e1lata, hagyom\u00e1nyos m\u00e9r\u0151eszk\u00f6z\u00f6kkel \u00e9s Krautkr\u00e4mer gy\u00e1rtm\u00e1ny\u00fa ultrahangos, valamint Magnaflux gy\u00e1rtm\u00e1ny\u00fa j\u00e1romm\u00e1gneses k\u00e9sz\u00fcl\u00e9kkel.<\/li><li>Forg\u00e1csolt alkatr\u00e9szek alakj\u00e1nak, m\u00e9reteinek, h\u0151kezel\u00e9si \u2013 kem\u00e9nys\u00e9g, szil\u00e1rds\u00e1g \u2013 \u00e1llapot\u00e1nak meghat\u00e1roz\u00e1sa Krautkr\u00e4mer gy\u00e1rtm\u00e1ny\u00fa, DynaMIC t\u00edpus\u00fa k\u00e9sz\u00fcl\u00e9kkel, ak\u00e1r helysz\u00ednen is.<\/li><li>Egys\u00edk\u00fas\u00e1g elt\u00e9r\u00e9seinek (hajt\u00f3m\u0171h\u00e1z oszt\u00f3s\u00edk, nagy\u00e1tm\u00e9r\u0151j\u0171 axi\u00e1lis csap\u00e1gyak stb.) meghat\u00e1roz\u00e1sa geol\u00e9zer \u00e9s\/vagy szintez\u0151 alkalmaz\u00e1s\u00e1val, az adatok sz\u00e1m\u00edt\u00f3g\u00e9pes feldolgoz\u00e1s\u00e1val.<\/li><li>Hajt\u00e1segys\u00e9gek, aggreg\u00e1torok, forg\u00f3g\u00e9p csoportok (turbinatengelyek) egytengely\u0171s\u00e9g m\u00e9r\u00e9se, be\u00e1ll\u00edt\u00e1sa SKF gy\u00e1rtm\u00e1ny\u00fa, vezet\u00e9k n\u00e9lk\u00fcli, sz\u00e1m\u00edt\u00f3g\u00e9pes \u2013 l\u00e9zeres be\u00e1ll\u00edt\u00f3 k\u00e9sz\u00fcl\u00e9kkel.<\/li><li>B\u00e1nyabeli g\u00e9pek ac\u00e9lszerkezeti \u00e9s biztons\u00e1gtechnikai fel\u00fclvizsg\u00e1lata.<\/li><\/ul>\n\n\n\n<p>A megval\u00f3sult m\u00e9r\u00e9seket ig\u00e9ny szerinti r\u00e9szletess\u00e9ggel dokument\u00e1lj\u00e1k.<\/p>\n\n\n\n<h2 class=\"wp-block-heading\">Referenci\u00e1k<\/h2>\n\n\n\n<h3 class=\"wp-block-heading\">Folyad\u00e9kbehatol\u00e1sos vizsg\u00e1lat<\/h3>\n\n\n\n<figure class=\"wp-block-image size-large\"><img loading=\"lazy\" decoding=\"async\" width=\"1024\" height=\"766\" src=\"https:\/\/mvmmgep.hu\/wp-content\/uploads\/2022\/07\/Folyadek-behatolasos-repedes-vizsgalat-1024x766.jpg\" alt=\"\" class=\"wp-image-183\" srcset=\"https:\/\/mvmmgep.hu\/wp-content\/uploads\/2022\/07\/Folyadek-behatolasos-repedes-vizsgalat-1024x766.jpg 1024w, https:\/\/mvmmgep.hu\/wp-content\/uploads\/2022\/07\/Folyadek-behatolasos-repedes-vizsgalat-300x224.jpg 300w, https:\/\/mvmmgep.hu\/wp-content\/uploads\/2022\/07\/Folyadek-behatolasos-repedes-vizsgalat-768x575.jpg 768w, https:\/\/mvmmgep.hu\/wp-content\/uploads\/2022\/07\/Folyadek-behatolasos-repedes-vizsgalat-1536x1149.jpg 1536w, https:\/\/mvmmgep.hu\/wp-content\/uploads\/2022\/07\/Folyadek-behatolasos-repedes-vizsgalat-2048x1532.jpg 2048w\" sizes=\"auto, (max-width: 1024px) 100vw, 1024px\" \/><\/figure>\n\n\n\n<h3 class=\"wp-block-heading\">Geometriai m\u00e9r\u00e9s<\/h3>\n\n\n\n<figure class=\"wp-block-image size-full\"><img loading=\"lazy\" decoding=\"async\" width=\"1009\" height=\"737\" src=\"https:\/\/mvmmgep.hu\/wp-content\/uploads\/2022\/07\/Geometriai-meres.jpg\" alt=\"\" class=\"wp-image-184\" srcset=\"https:\/\/mvmmgep.hu\/wp-content\/uploads\/2022\/07\/Geometriai-meres.jpg 1009w, https:\/\/mvmmgep.hu\/wp-content\/uploads\/2022\/07\/Geometriai-meres-300x219.jpg 300w, https:\/\/mvmmgep.hu\/wp-content\/uploads\/2022\/07\/Geometriai-meres-768x561.jpg 768w\" sizes=\"auto, (max-width: 1009px) 100vw, 1009px\" \/><\/figure>\n\n\n\n<h3 class=\"wp-block-heading\">L\u00e9zeres egytengely\u0171s\u00e9g be\u00e1ll\u00edt\u00e1s<\/h3>\n\n\n\n<p><\/p>\n\n\n\n<figure class=\"wp-block-image size-full\"><img loading=\"lazy\" decoding=\"async\" width=\"580\" height=\"691\" src=\"https:\/\/mvmmgep.hu\/wp-content\/uploads\/2022\/07\/Lezeres-egytengelyuseg-beallitas.jpg\" alt=\"\" class=\"wp-image-185\" srcset=\"https:\/\/mvmmgep.hu\/wp-content\/uploads\/2022\/07\/Lezeres-egytengelyuseg-beallitas.jpg 580w, https:\/\/mvmmgep.hu\/wp-content\/uploads\/2022\/07\/Lezeres-egytengelyuseg-beallitas-252x300.jpg 252w\" sizes=\"auto, (max-width: 580px) 100vw, 580px\" \/><\/figure>\n\n\n\n<h3 class=\"wp-block-heading\">M\u00e1gnesezhet\u0151 poros vizsg\u00e1lat<\/h3>\n\n\n\n<figure class=\"wp-block-image size-large\"><img loading=\"lazy\" decoding=\"async\" width=\"1024\" height=\"771\" src=\"https:\/\/mvmmgep.hu\/wp-content\/uploads\/2022\/07\/Magnesporos-repedes-vizsgalat-1024x771.jpg\" alt=\"\" class=\"wp-image-186\" srcset=\"https:\/\/mvmmgep.hu\/wp-content\/uploads\/2022\/07\/Magnesporos-repedes-vizsgalat-1024x771.jpg 1024w, https:\/\/mvmmgep.hu\/wp-content\/uploads\/2022\/07\/Magnesporos-repedes-vizsgalat-300x226.jpg 300w, https:\/\/mvmmgep.hu\/wp-content\/uploads\/2022\/07\/Magnesporos-repedes-vizsgalat-768x578.jpg 768w, https:\/\/mvmmgep.hu\/wp-content\/uploads\/2022\/07\/Magnesporos-repedes-vizsgalat.jpg 1051w\" sizes=\"auto, (max-width: 1024px) 100vw, 1024px\" \/><\/figure>\n\n\n\n<h3 class=\"wp-block-heading\">Ultrahangos vizsg\u00e1lat<\/h3>\n\n\n\n<figure class=\"wp-block-image size-large\"><img loading=\"lazy\" decoding=\"async\" width=\"1024\" height=\"717\" src=\"https:\/\/mvmmgep.hu\/wp-content\/uploads\/2022\/07\/Ultrahangos-repedes-vizsgalat-1024x717.jpg\" alt=\"\" class=\"wp-image-187\" srcset=\"https:\/\/mvmmgep.hu\/wp-content\/uploads\/2022\/07\/Ultrahangos-repedes-vizsgalat-1024x717.jpg 1024w, https:\/\/mvmmgep.hu\/wp-content\/uploads\/2022\/07\/Ultrahangos-repedes-vizsgalat-300x210.jpg 300w, https:\/\/mvmmgep.hu\/wp-content\/uploads\/2022\/07\/Ultrahangos-repedes-vizsgalat-768x538.jpg 768w, https:\/\/mvmmgep.hu\/wp-content\/uploads\/2022\/07\/Ultrahangos-repedes-vizsgalat.jpg 1038w\" sizes=\"auto, (max-width: 1024px) 100vw, 1024px\" \/><\/figure>\n","protected":false},"excerpt":{"rendered":"<p>Tev\u00e9kenys\u00e9gi k\u00f6re: Hajt\u00f3m\u0171vek, szalagp\u00e1lya dobok, g\u00e9palkatr\u00e9szek, villanymotor alkatr\u00e9szek kop\u00e1sainak, deform\u00e1ci\u00f3inak, reped\u00e9seinek \u00e9s marad\u00e9k falvastags\u00e1g\u00e1nak vizsg\u00e1lata, hagyom\u00e1nyos m\u00e9r\u0151eszk\u00f6z\u00f6kkel \u00e9s Krautkr\u00e4mer gy\u00e1rtm\u00e1ny\u00fa ultrahangos, valamint Magnaflux gy\u00e1rtm\u00e1ny\u00fa j\u00e1romm\u00e1gneses k\u00e9sz\u00fcl\u00e9kkel. Forg\u00e1csolt alkatr\u00e9szek alakj\u00e1nak, m\u00e9reteinek, h\u0151kezel\u00e9si \u2013 kem\u00e9nys\u00e9g, szil\u00e1rds\u00e1g \u2013 \u00e1llapot\u00e1nak meghat\u00e1roz\u00e1sa Krautkr\u00e4mer gy\u00e1rtm\u00e1ny\u00fa, DynaMIC t\u00edpus\u00fa k\u00e9sz\u00fcl\u00e9kkel, ak\u00e1r helysz\u00ednen is. Egys\u00edk\u00fas\u00e1g elt\u00e9r\u00e9seinek (hajt\u00f3m\u0171h\u00e1z oszt\u00f3s\u00edk, nagy\u00e1tm\u00e9r\u0151j\u0171 axi\u00e1lis csap\u00e1gyak stb.) meghat\u00e1roz\u00e1sa geol\u00e9zer [&hellip;]<\/p>\n","protected":false},"author":1,"featured_media":0,"parent":0,"menu_order":0,"comment_status":"closed","ping_status":"closed","template":"","meta":{"footnotes":""},"class_list":["post-182","page","type-page","status-publish","hentry"],"_links":{"self":[{"href":"https:\/\/mvmmgep.hu\/index.php?rest_route=\/wp\/v2\/pages\/182","targetHints":{"allow":["GET"]}}],"collection":[{"href":"https:\/\/mvmmgep.hu\/index.php?rest_route=\/wp\/v2\/pages"}],"about":[{"href":"https:\/\/mvmmgep.hu\/index.php?rest_route=\/wp\/v2\/types\/page"}],"author":[{"embeddable":true,"href":"https:\/\/mvmmgep.hu\/index.php?rest_route=\/wp\/v2\/users\/1"}],"replies":[{"embeddable":true,"href":"https:\/\/mvmmgep.hu\/index.php?rest_route=%2Fwp%2Fv2%2Fcomments&post=182"}],"version-history":[{"count":4,"href":"https:\/\/mvmmgep.hu\/index.php?rest_route=\/wp\/v2\/pages\/182\/revisions"}],"predecessor-version":[{"id":510,"href":"https:\/\/mvmmgep.hu\/index.php?rest_route=\/wp\/v2\/pages\/182\/revisions\/510"}],"wp:attachment":[{"href":"https:\/\/mvmmgep.hu\/index.php?rest_route=%2Fwp%2Fv2%2Fmedia&parent=182"}],"curies":[{"name":"wp","href":"https:\/\/api.w.org\/{rel}","templated":true}]}}