{"id":170,"date":"2022-07-11T08:39:54","date_gmt":"2022-07-11T08:39:54","guid":{"rendered":"https:\/\/mvmmgep.hu\/?page_id=170"},"modified":"2022-07-27T09:00:42","modified_gmt":"2022-07-27T09:00:42","slug":"karbantarto-uzem","status":"publish","type":"page","link":"https:\/\/mvmmgep.hu\/?page_id=170","title":{"rendered":"Karbantart\u00f3 \u00fczem"},"content":{"rendered":"\n<p>Az MVM M\u00e1tra G\u00e9p Kft saj\u00e1t szersz\u00e1mg\u00e9peit, emel\u0151 eszk\u00f6zeit, k\u00e9zi szersz\u00e1mait, hegeszt\u0151 g\u00e9peit bels\u0151 karbantart\u00f3 m\u0171hely tartja karban, jav\u00edtja \u00e9s amennyiben sz\u00fcks\u00e9ges \u00e1ll\u00edtja be. Elv\u00e9gez kisebb \u00e9p\u00fcletg\u00e9p\u00e9szeti feladatokat. Rendelkezik egy 23m magass\u00e1gig dolgozni tud\u00f3 kosaras g\u00e9pkocsival is, amellyel darukat, t\u00e9rvil\u00e1g\u00edt\u00e1st \u00e9s egy\u00e9b magasban v\u00e9gezhet\u0151 munk\u00e1kat tud kivitelezni. A m\u0171helyhez tartozik egy asztalosipari tev\u00e9kenys\u00e9get v\u00e9gz\u0151 csoport is, k\u00fcl\u00f6nf\u00e9le irodai \u00e9s egy\u00e9b b\u00fatorok, ac\u00e9lszerkezetek sz\u00e1ll\u00edt\u00e1s\u00e1hoz sz\u00fcks\u00e9ges fa szerkezetek, stb. el\u0151\u00e1ll\u00edt\u00e1s\u00e1ra. A Karbantart\u00f3 \u00dczem a fent le\u00edrt tev\u00e9kenys\u00e9gi ter\u00fcleteken nem csak bels\u0151 munk\u00e1kat, hanem alkalomszer\u0171en, megrendel\u00e9s eset\u00e9n k\u00fcls\u0151, Kft-n k\u00edv\u00fcli c\u00e9geknek is v\u00e9gez munk\u00e1t. A szersz\u00e1mg\u00e9p karbantart\u00e1sokhoz egy MEAX m\u00e1rk\u00e1j\u00fa komplett m\u00e9r\u0151rendszert haszn\u00e1l, amellyel p\u00e1rhuzamoss\u00e1got, mer\u0151legess\u00e9get, sz\u00f6geket lehet nagy pontoss\u00e1ggal m\u00e9rni \u00e9s be\u00e1ll\u00edtani. Emel\u0151 k\u00f6telek id\u0151szakos vizsg\u00e1lat\u00e1hoz rendelkezik megfelel\u0151 er\u0151m\u00e9r\u0151&nbsp; cell\u00e1val \u00e9s berendez\u00e9ssel.<\/p>\n\n\n\n<h2 class=\"wp-block-heading\">Referenci\u00e1k<\/h2>\n\n\n\n<h3 class=\"wp-block-heading\">Szersz\u00e1mg\u00e9pek, \u00fczemi berendez\u00e9sek mechanikus karbantart\u00e1sa, jav\u00edt\u00e1sa<\/h3>\n\n\n\n<figure class=\"wp-block-gallery has-nested-images columns-default is-cropped wp-block-gallery-1 is-layout-flex wp-block-gallery-is-layout-flex\">\n<figure class=\"wp-block-image size-full\"><img loading=\"lazy\" decoding=\"async\" width=\"596\" height=\"490\" data-id=\"162\" src=\"https:\/\/mvmmgep.hu\/wp-content\/uploads\/2022\/07\/Kep1_19.jpg\" alt=\"\" class=\"wp-image-162\" srcset=\"https:\/\/mvmmgep.hu\/wp-content\/uploads\/2022\/07\/Kep1_19.jpg 596w, https:\/\/mvmmgep.hu\/wp-content\/uploads\/2022\/07\/Kep1_19-300x247.jpg 300w\" sizes=\"auto, (max-width: 596px) 100vw, 596px\" \/><\/figure>\n\n\n\n<figure class=\"wp-block-image size-large\"><img loading=\"lazy\" decoding=\"async\" width=\"595\" height=\"490\" data-id=\"165\" src=\"https:\/\/mvmmgep.hu\/wp-content\/uploads\/2022\/07\/Kep1_17.jpg\" alt=\"\" class=\"wp-image-165\" srcset=\"https:\/\/mvmmgep.hu\/wp-content\/uploads\/2022\/07\/Kep1_17.jpg 595w, https:\/\/mvmmgep.hu\/wp-content\/uploads\/2022\/07\/Kep1_17-300x247.jpg 300w\" sizes=\"auto, (max-width: 595px) 100vw, 595px\" \/><\/figure>\n\n\n\n<figure class=\"wp-block-image size-large\"><img loading=\"lazy\" decoding=\"async\" width=\"652\" height=\"490\" data-id=\"164\" src=\"https:\/\/mvmmgep.hu\/wp-content\/uploads\/2022\/07\/Kep1_18.jpg\" alt=\"\" class=\"wp-image-164\" srcset=\"https:\/\/mvmmgep.hu\/wp-content\/uploads\/2022\/07\/Kep1_18.jpg 652w, https:\/\/mvmmgep.hu\/wp-content\/uploads\/2022\/07\/Kep1_18-300x225.jpg 300w\" sizes=\"auto, (max-width: 652px) 100vw, 652px\" \/><\/figure>\n\n\n\n<figure class=\"wp-block-image size-full\"><img loading=\"lazy\" decoding=\"async\" width=\"556\" height=\"443\" data-id=\"163\" src=\"https:\/\/mvmmgep.hu\/wp-content\/uploads\/2022\/07\/Kep1_16.jpg\" alt=\"\" class=\"wp-image-163\" srcset=\"https:\/\/mvmmgep.hu\/wp-content\/uploads\/2022\/07\/Kep1_16.jpg 556w, https:\/\/mvmmgep.hu\/wp-content\/uploads\/2022\/07\/Kep1_16-300x239.jpg 300w\" sizes=\"auto, (max-width: 556px) 100vw, 556px\" \/><\/figure>\n\n\n\n<figure class=\"wp-block-image size-large\"><img loading=\"lazy\" decoding=\"async\" width=\"432\" height=\"559\" data-id=\"172\" src=\"https:\/\/mvmmgep.hu\/wp-content\/uploads\/2022\/07\/1.jpg\" alt=\"\" class=\"wp-image-172\" srcset=\"https:\/\/mvmmgep.hu\/wp-content\/uploads\/2022\/07\/1.jpg 432w, https:\/\/mvmmgep.hu\/wp-content\/uploads\/2022\/07\/1-232x300.jpg 232w\" sizes=\"auto, (max-width: 432px) 100vw, 432px\" \/><\/figure>\n\n\n\n<figure class=\"wp-block-image size-large\"><img loading=\"lazy\" decoding=\"async\" width=\"424\" height=\"519\" data-id=\"173\" src=\"https:\/\/mvmmgep.hu\/wp-content\/uploads\/2022\/07\/3.jpg\" alt=\"\" class=\"wp-image-173\" srcset=\"https:\/\/mvmmgep.hu\/wp-content\/uploads\/2022\/07\/3.jpg 424w, https:\/\/mvmmgep.hu\/wp-content\/uploads\/2022\/07\/3-245x300.jpg 245w\" sizes=\"auto, (max-width: 424px) 100vw, 424px\" \/><\/figure>\n\n\n\n<figure class=\"wp-block-image size-large\"><img loading=\"lazy\" decoding=\"async\" width=\"886\" height=\"503\" data-id=\"175\" src=\"https:\/\/mvmmgep.hu\/wp-content\/uploads\/2022\/07\/2-1.jpg\" alt=\"\" class=\"wp-image-175\" srcset=\"https:\/\/mvmmgep.hu\/wp-content\/uploads\/2022\/07\/2-1.jpg 886w, https:\/\/mvmmgep.hu\/wp-content\/uploads\/2022\/07\/2-1-300x170.jpg 300w, https:\/\/mvmmgep.hu\/wp-content\/uploads\/2022\/07\/2-1-768x436.jpg 768w\" sizes=\"auto, (max-width: 886px) 100vw, 886px\" \/><\/figure>\n\n\n\n<figure class=\"wp-block-image size-large\"><img loading=\"lazy\" decoding=\"async\" width=\"768\" height=\"1024\" data-id=\"512\" src=\"https:\/\/mvmmgep.hu\/wp-content\/uploads\/2022\/07\/Xella-vagoasztal-javitas-768x1024.jpg\" alt=\"\" class=\"wp-image-512\" srcset=\"https:\/\/mvmmgep.hu\/wp-content\/uploads\/2022\/07\/Xella-vagoasztal-javitas-768x1024.jpg 768w, https:\/\/mvmmgep.hu\/wp-content\/uploads\/2022\/07\/Xella-vagoasztal-javitas-225x300.jpg 225w, https:\/\/mvmmgep.hu\/wp-content\/uploads\/2022\/07\/Xella-vagoasztal-javitas-1152x1536.jpg 1152w, https:\/\/mvmmgep.hu\/wp-content\/uploads\/2022\/07\/Xella-vagoasztal-javitas-1536x2048.jpg 1536w, https:\/\/mvmmgep.hu\/wp-content\/uploads\/2022\/07\/Xella-vagoasztal-javitas-scaled.jpg 1920w\" sizes=\"auto, (max-width: 768px) 100vw, 768px\" \/><figcaption><strong>Xella v\u00e1g\u00f3asztal jav\u00edt\u00e1s<\/strong><\/figcaption><\/figure>\n<\/figure>\n\n\n\n<h3 class=\"wp-block-heading\">Faipari munk\u00e1k, \u00e9p\u00fcletfenntart\u00e1si munk\u00e1k<\/h3>\n\n\n\n<figure class=\"wp-block-gallery has-nested-images columns-default is-cropped wp-block-gallery-2 is-layout-flex wp-block-gallery-is-layout-flex\">\n<figure class=\"wp-block-image size-large\"><img loading=\"lazy\" decoding=\"async\" width=\"543\" height=\"711\" data-id=\"176\" src=\"https:\/\/mvmmgep.hu\/wp-content\/uploads\/2022\/07\/4.jpg\" alt=\"\" class=\"wp-image-176\" srcset=\"https:\/\/mvmmgep.hu\/wp-content\/uploads\/2022\/07\/4.jpg 543w, https:\/\/mvmmgep.hu\/wp-content\/uploads\/2022\/07\/4-229x300.jpg 229w\" sizes=\"auto, (max-width: 543px) 100vw, 543px\" \/><\/figure>\n\n\n\n<figure class=\"wp-block-image size-large\"><img loading=\"lazy\" decoding=\"async\" width=\"519\" height=\"713\" data-id=\"178\" src=\"https:\/\/mvmmgep.hu\/wp-content\/uploads\/2022\/07\/5.jpg\" alt=\"\" class=\"wp-image-178\" srcset=\"https:\/\/mvmmgep.hu\/wp-content\/uploads\/2022\/07\/5.jpg 519w, https:\/\/mvmmgep.hu\/wp-content\/uploads\/2022\/07\/5-218x300.jpg 218w\" sizes=\"auto, (max-width: 519px) 100vw, 519px\" \/><\/figure>\n\n\n\n<figure class=\"wp-block-image size-large\"><img loading=\"lazy\" decoding=\"async\" width=\"726\" height=\"419\" data-id=\"179\" src=\"https:\/\/mvmmgep.hu\/wp-content\/uploads\/2022\/07\/6.jpg\" alt=\"\" class=\"wp-image-179\" srcset=\"https:\/\/mvmmgep.hu\/wp-content\/uploads\/2022\/07\/6.jpg 726w, https:\/\/mvmmgep.hu\/wp-content\/uploads\/2022\/07\/6-300x173.jpg 300w, https:\/\/mvmmgep.hu\/wp-content\/uploads\/2022\/07\/6-250x145.jpg 250w\" sizes=\"auto, (max-width: 726px) 100vw, 726px\" \/><\/figure>\n\n\n\n<figure class=\"wp-block-image size-large\"><img loading=\"lazy\" decoding=\"async\" width=\"729\" height=\"383\" data-id=\"177\" src=\"https:\/\/mvmmgep.hu\/wp-content\/uploads\/2022\/07\/7.jpg\" alt=\"\" class=\"wp-image-177\" srcset=\"https:\/\/mvmmgep.hu\/wp-content\/uploads\/2022\/07\/7.jpg 729w, https:\/\/mvmmgep.hu\/wp-content\/uploads\/2022\/07\/7-300x158.jpg 300w\" sizes=\"auto, (max-width: 729px) 100vw, 729px\" \/><\/figure>\n<\/figure>\n","protected":false},"excerpt":{"rendered":"<p>Az MVM M\u00e1tra G\u00e9p Kft saj\u00e1t szersz\u00e1mg\u00e9peit, emel\u0151 eszk\u00f6zeit, k\u00e9zi szersz\u00e1mait, hegeszt\u0151 g\u00e9peit bels\u0151 karbantart\u00f3 m\u0171hely tartja karban, jav\u00edtja \u00e9s amennyiben sz\u00fcks\u00e9ges \u00e1ll\u00edtja be. Elv\u00e9gez kisebb \u00e9p\u00fcletg\u00e9p\u00e9szeti feladatokat. Rendelkezik egy 23m magass\u00e1gig dolgozni tud\u00f3 kosaras g\u00e9pkocsival is, amellyel darukat, t\u00e9rvil\u00e1g\u00edt\u00e1st \u00e9s egy\u00e9b magasban v\u00e9gezhet\u0151 munk\u00e1kat tud kivitelezni. A m\u0171helyhez tartozik egy asztalosipari tev\u00e9kenys\u00e9get v\u00e9gz\u0151 csoport [&hellip;]<\/p>\n","protected":false},"author":1,"featured_media":0,"parent":0,"menu_order":0,"comment_status":"closed","ping_status":"closed","template":"","meta":{"footnotes":""},"class_list":["post-170","page","type-page","status-publish","hentry"],"_links":{"self":[{"href":"https:\/\/mvmmgep.hu\/index.php?rest_route=\/wp\/v2\/pages\/170","targetHints":{"allow":["GET"]}}],"collection":[{"href":"https:\/\/mvmmgep.hu\/index.php?rest_route=\/wp\/v2\/pages"}],"about":[{"href":"https:\/\/mvmmgep.hu\/index.php?rest_route=\/wp\/v2\/types\/page"}],"author":[{"embeddable":true,"href":"https:\/\/mvmmgep.hu\/index.php?rest_route=\/wp\/v2\/users\/1"}],"replies":[{"embeddable":true,"href":"https:\/\/mvmmgep.hu\/index.php?rest_route=%2Fwp%2Fv2%2Fcomments&post=170"}],"version-history":[{"count":3,"href":"https:\/\/mvmmgep.hu\/index.php?rest_route=\/wp\/v2\/pages\/170\/revisions"}],"predecessor-version":[{"id":514,"href":"https:\/\/mvmmgep.hu\/index.php?rest_route=\/wp\/v2\/pages\/170\/revisions\/514"}],"wp:attachment":[{"href":"https:\/\/mvmmgep.hu\/index.php?rest_route=%2Fwp%2Fv2%2Fmedia&parent=170"}],"curies":[{"name":"wp","href":"https:\/\/api.w.org\/{rel}","templated":true}]}}