{"id":144,"date":"2022-07-11T08:29:11","date_gmt":"2022-07-11T08:29:11","guid":{"rendered":"https:\/\/mvmmgep.hu\/?page_id=144"},"modified":"2022-08-09T07:56:47","modified_gmt":"2022-08-09T07:56:47","slug":"villamos-javito-uzletag","status":"publish","type":"page","link":"https:\/\/mvmmgep.hu\/?page_id=144","title":{"rendered":"Villamos jav\u00edt\u00f3 \u00fczlet\u00e1g"},"content":{"rendered":"\n<p>Tev\u00e9kenys\u00e9gi k\u00f6re:<\/p>\n\n\n\n<ul class=\"wp-block-list\"><li>Villamos forg\u00f3g\u00e9pek \u00e1ll\u00f3- \u00e9s forg\u00f3r\u00e9sz tekercsel\u00e9se<\/li><li>Egyen\u00e1ram\u00fa \u00e9s v\u00e1lt\u00f3\u00e1ram\u00fa forg\u00f3g\u00e9pek jav\u00edt\u00e1sa, fel\u00faj\u00edt\u00e1sa, bem\u00e9r\u00e9se<ul><li>Fesz\u00fclts\u00e9gszint&nbsp; 24 V \u2013 6 kV-ig<\/li><li>Teljes\u00edtm\u00e9ny&nbsp; 5 W \u2013 4 MW-ig<\/li><\/ul><\/li><li>Transzform\u00e1torok jav\u00edt\u00e1sa, fel\u00faj\u00edt\u00e1sa, bem\u00e9r\u00e9se<ul><li>Fesz\u00fclts\u00e9gszint&nbsp; 12 V \u2013 6 kV-ig<\/li><li>Teljes\u00edtm\u00e9ny&nbsp; 5 VA \u2013 4 MVA-ig<\/li><\/ul><\/li><li>Nagy teljes\u00edtm\u00e9ny\u0171 villamos forg\u00f3g\u00e9pek tekercsel\u00e9s \u00e9lettartam\u00e1nak megn\u00f6vel\u00e9se v\u00e1kuumimpregn\u00e1l\u00e1ssal<\/li><li>Forg\u00f3g\u00e9pek, transzform\u00e1torok impregn\u00e1l\u00e1sa \u201eH\u201d h\u0151\u00e1ll\u00f3s\u00e1gi fokozatra z\u00e1rt technol\u00f3gi\u00e1s rendszerben<\/li><li>Nagyfesz\u00fclts\u00e9g\u0171 tekercsek f\u0151szigetel\u00e9s\u00e9nek s\u00fct\u00e9se<\/li><li>H\u0151kamera seg\u00edts\u00e9g\u00e9vel felv\u00e9telek, k\u00e9pek k\u00e9sz\u00edt\u00e9se -20\u02daC \u2014 +250\u02daC \u00e9s +200\u02daC \u2014 + 600\u02daC tartom\u00e1nyban, (+2000\u02daC opcion\u00e1lisan)<\/li><li>B\u00fav\u00e1r \u00e9s bibo szivatty\u00fak villamos \u00e9s mechanikus jav\u00edt\u00e1sa, pr\u00f3bak\u00fatban t\u00f6rt\u00e9n\u0151 bem\u00e9r\u00e9se, WILO m\u00e9lyk\u00fati b\u00fav\u00e1rszivatty\u00fak szakszerviz ell\u00e1t\u00e1sa<\/li><li>Pr\u00f3batermi m\u00e9r\u00e9sek&nbsp; 0 \u2013 10 kV-ig<\/li><li>Eloszt\u00f3szekr\u00e9nyek gy\u00e1rt\u00e1sa \u00e9s szerel\u00e9seForg\u00e1stestek dinamikus kiegyens\u00falyoz\u00e1sa az ISO 1940\/1 szabv\u00e1ny alapj\u00e1n (max. s\u00faly 3t, max. \u00e1tm\u00e9r\u0151 2260 mm, max. hossz 3000 mm)<\/li><\/ul>\n\n\n\n<p>M\u0171k\u00f6d\u00e9s\u00fckh\u00f6z&nbsp; 2200 m<sup>2<\/sup> alapter\u00fclet\u0171 m\u0171helycsarnok \u00e1ll rendelkez\u00e9sre, amely 10 \u00e9s 20 Mp fut\u00f3daruval van ell\u00e1tva, valamint a technol\u00f3gi\u00e1hoz sz\u00fcks\u00e9ges berendez\u00e9sekkel.<\/p>\n\n\n<div class=\"wp-block-image\">\n<figure class=\"aligncenter size-full\"><img loading=\"lazy\" decoding=\"async\" width=\"412\" height=\"554\" src=\"https:\/\/mvmmgep.hu\/wp-content\/uploads\/2022\/07\/Villamos-Javito.jpg\" alt=\"\" class=\"wp-image-60\" srcset=\"https:\/\/mvmmgep.hu\/wp-content\/uploads\/2022\/07\/Villamos-Javito.jpg 412w, https:\/\/mvmmgep.hu\/wp-content\/uploads\/2022\/07\/Villamos-Javito-223x300.jpg 223w\" sizes=\"auto, (max-width: 412px) 100vw, 412px\" \/><\/figure>\n<\/div>\n\n\n<hr class=\"wp-block-separator has-alpha-channel-opacity\"\/>\n\n\n\n<div class=\"wp-block-buttons is-layout-flex wp-block-buttons-is-layout-flex\">\n<div class=\"wp-block-button aligncenter is-style-fill\"><a class=\"wp-block-button__link has-background\" href=\"\/?page_id=255\" style=\"border-radius:30px;background-color:#ed8b00\">Strat\u00e9giai g\u00e9peink<\/a><\/div>\n\n\n\n<div class=\"wp-block-button aligncenter is-style-fill\"><a class=\"wp-block-button__link has-background\" href=\"\/?page_id=257\" style=\"border-radius:30px;background-color:#ed8b00\">Referenci\u00e1k<\/a><\/div>\n<\/div>\n","protected":false},"excerpt":{"rendered":"<p>Tev\u00e9kenys\u00e9gi k\u00f6re: Villamos forg\u00f3g\u00e9pek \u00e1ll\u00f3- \u00e9s forg\u00f3r\u00e9sz tekercsel\u00e9se Egyen\u00e1ram\u00fa \u00e9s v\u00e1lt\u00f3\u00e1ram\u00fa forg\u00f3g\u00e9pek jav\u00edt\u00e1sa, fel\u00faj\u00edt\u00e1sa, bem\u00e9r\u00e9se Fesz\u00fclts\u00e9gszint&nbsp; 24 V \u2013 6 kV-ig Teljes\u00edtm\u00e9ny&nbsp; 5 W \u2013 4 MW-ig Transzform\u00e1torok jav\u00edt\u00e1sa, fel\u00faj\u00edt\u00e1sa, bem\u00e9r\u00e9se Fesz\u00fclts\u00e9gszint&nbsp; 12 V \u2013 6 kV-ig Teljes\u00edtm\u00e9ny&nbsp; 5 VA \u2013 4 MVA-ig Nagy teljes\u00edtm\u00e9ny\u0171 villamos forg\u00f3g\u00e9pek tekercsel\u00e9s \u00e9lettartam\u00e1nak megn\u00f6vel\u00e9se v\u00e1kuumimpregn\u00e1l\u00e1ssal Forg\u00f3g\u00e9pek, transzform\u00e1torok impregn\u00e1l\u00e1sa \u201eH\u201d [&hellip;]<\/p>\n","protected":false},"author":1,"featured_media":0,"parent":0,"menu_order":0,"comment_status":"closed","ping_status":"closed","template":"","meta":{"footnotes":""},"class_list":["post-144","page","type-page","status-publish","hentry"],"_links":{"self":[{"href":"https:\/\/mvmmgep.hu\/index.php?rest_route=\/wp\/v2\/pages\/144","targetHints":{"allow":["GET"]}}],"collection":[{"href":"https:\/\/mvmmgep.hu\/index.php?rest_route=\/wp\/v2\/pages"}],"about":[{"href":"https:\/\/mvmmgep.hu\/index.php?rest_route=\/wp\/v2\/types\/page"}],"author":[{"embeddable":true,"href":"https:\/\/mvmmgep.hu\/index.php?rest_route=\/wp\/v2\/users\/1"}],"replies":[{"embeddable":true,"href":"https:\/\/mvmmgep.hu\/index.php?rest_route=%2Fwp%2Fv2%2Fcomments&post=144"}],"version-history":[{"count":13,"href":"https:\/\/mvmmgep.hu\/index.php?rest_route=\/wp\/v2\/pages\/144\/revisions"}],"predecessor-version":[{"id":547,"href":"https:\/\/mvmmgep.hu\/index.php?rest_route=\/wp\/v2\/pages\/144\/revisions\/547"}],"wp:attachment":[{"href":"https:\/\/mvmmgep.hu\/index.php?rest_route=%2Fwp%2Fv2%2Fmedia&parent=144"}],"curies":[{"name":"wp","href":"https:\/\/api.w.org\/{rel}","templated":true}]}}